{"id":27428,"date":"2022-10-13T10:19:32","date_gmt":"2022-10-13T10:19:32","guid":{"rendered":"https:\/\/cemyri.es\/es\/?page_id=27428"},"modified":"2022-10-13T10:19:33","modified_gmt":"2022-10-13T10:19:33","slug":"maria-soledad-navas-luque","status":"publish","type":"page","link":"https:\/\/cemyri.es\/es\/profesores-titulares\/maria-soledad-navas-luque\/","title":{"rendered":"Mar\u00eda Soledad Navas Luque"},"content":{"rendered":"\n<p><strong>Departamento: <\/strong>Psicolog\u00eda<\/p>\n\n\n\n<p><strong>\u00c1rea de conocimiento: <\/strong>Psicolog\u00eda Social<\/p>\n\n\n\n<p><strong>Universidad: <\/strong>Almer\u00eda<\/p>\n\n\n\n<p><strong>L\u00edneas de Investigaci\u00f3n: <\/strong>Relaciones intergrupales, prejuicio y aculturaci\u00f3n<\/p>\n\n\n\n<p><strong>Grupo de Investigaci\u00f3n: <\/strong>HUM743: Estudios Psicosociales y Metodol\u00f3gicos<\/p>\n\n\n\n<p><strong>Correo Electr\u00f3nico: <\/strong><a href=\"mailto:msnavas@ual.es\">msnavas@ual.es<\/a><\/p>\n\n\n\n<p><strong>Direcci\u00f3n de contacto: <\/strong>Edificio Departamental de Humanidades y Ciencias de la Educaci\u00f3n II (Edif. C), Planta 2, Despacho 229<\/p>\n\n\n\n<p><strong>Curr\u00edculum<\/strong><\/p>\n\n\n\n<p><a href=\"https:\/\/www.researchgate.net\/profile\/Marisol-Navas\">https:\/\/www.researchgate.net\/profile\/Marisol-Navas<\/a><\/p>\n","protected":false},"excerpt":{"rendered":"<p>Departamento: Psicolog\u00eda \u00c1rea de conocimiento: Psicolog\u00eda Social Universidad: Almer\u00eda L\u00edneas de Investigaci\u00f3n: Relaciones intergrupales, prejuicio y aculturaci\u00f3n Grupo de Investigaci\u00f3n: HUM743: Estudios Psicosociales y Metodol\u00f3gicos Correo Electr\u00f3nico: msnavas@ual.es Direcci\u00f3n de contacto: Edificio Departamental de Humanidades y Ciencias de la Educaci\u00f3n II (Edif. C), Planta 2, Despacho 229 Curr\u00edculum https:\/\/www.researchgate.net\/profile\/Marisol-Navas<\/p>\n","protected":false},"author":1,"featured_media":0,"parent":27355,"menu_order":0,"comment_status":"closed","ping_status":"closed","template":"","meta":{"footnotes":""},"class_list":["post-27428","page","type-page","status-publish","hentry"],"_links":{"self":[{"href":"https:\/\/cemyri.es\/es\/wp-json\/wp\/v2\/pages\/27428","targetHints":{"allow":["GET"]}}],"collection":[{"href":"https:\/\/cemyri.es\/es\/wp-json\/wp\/v2\/pages"}],"about":[{"href":"https:\/\/cemyri.es\/es\/wp-json\/wp\/v2\/types\/page"}],"author":[{"embeddable":true,"href":"https:\/\/cemyri.es\/es\/wp-json\/wp\/v2\/users\/1"}],"replies":[{"embeddable":true,"href":"https:\/\/cemyri.es\/es\/wp-json\/wp\/v2\/comments?post=27428"}],"version-history":[{"count":1,"href":"https:\/\/cemyri.es\/es\/wp-json\/wp\/v2\/pages\/27428\/revisions"}],"predecessor-version":[{"id":27429,"href":"https:\/\/cemyri.es\/es\/wp-json\/wp\/v2\/pages\/27428\/revisions\/27429"}],"up":[{"embeddable":true,"href":"https:\/\/cemyri.es\/es\/wp-json\/wp\/v2\/pages\/27355"}],"wp:attachment":[{"href":"https:\/\/cemyri.es\/es\/wp-json\/wp\/v2\/media?parent=27428"}],"curies":[{"name":"wp","href":"https:\/\/api.w.org\/{rel}","templated":true}]}}