{"id":27430,"date":"2022-10-13T10:20:15","date_gmt":"2022-10-13T10:20:15","guid":{"rendered":"https:\/\/cemyri.es\/es\/?page_id=27430"},"modified":"2022-10-13T10:20:16","modified_gmt":"2022-10-13T10:20:16","slug":"luis-ortiz-jimenez","status":"publish","type":"page","link":"https:\/\/cemyri.es\/es\/profesores-titulares\/luis-ortiz-jimenez\/","title":{"rendered":"Luis Ortiz Jim\u00e9nez"},"content":{"rendered":"\n<p><strong>Departamento: <\/strong>Educaci\u00f3n<\/p>\n\n\n\n<p><strong>\u00c1rea de conocimiento: <\/strong>Did\u00e1ctica y Organizaci\u00f3n Escolar<\/p>\n\n\n\n<p><strong>Universidad: <\/strong>Almer\u00eda<\/p>\n\n\n\n<p><strong>L\u00edneas de Investigaci\u00f3n: <\/strong>Diversidad, necesidades espec\u00edficas de apoyo<\/p>\n\n\n\n<p>educativo, diversidad funcional.<\/p>\n\n\n\n<p><strong>Grupo de Investigaci\u00f3n: <\/strong>HUM782<\/p>\n\n\n\n<p><strong>Correo Electr\u00f3nico: <\/strong><a href=\"mailto:lortizj@ual.es\">lortizj@ual.es<\/a><\/p>\n\n\n\n<p><strong>Direcci\u00f3n de contacto: <\/strong>Edificio Central, despacho 1.20. Universidad de Almer\u00eda. 04120-Almer\u00eda<\/p>\n\n\n\n<p><strong>Curr\u00edculum<\/strong><\/p>\n\n\n\n<p><a href=\"https:\/\/www.researchgate.net\/scientific-contributions\/Luis-Ortiz-Jimenez-2128818181\">https:\/\/www.researchgate.net\/scientific-contributions\/Luis-Ortiz-Jimenez-2128818181<\/a><\/p>\n\n\n\n<p>0000-0002-3943-1989<\/p>\n","protected":false},"excerpt":{"rendered":"<p>Departamento: Educaci\u00f3n \u00c1rea de conocimiento: Did\u00e1ctica y Organizaci\u00f3n Escolar Universidad: Almer\u00eda L\u00edneas de Investigaci\u00f3n: Diversidad, necesidades espec\u00edficas de apoyo educativo, diversidad funcional. Grupo de Investigaci\u00f3n: HUM782 Correo Electr\u00f3nico: lortizj@ual.es Direcci\u00f3n de contacto: Edificio Central, despacho 1.20. Universidad de Almer\u00eda. 04120-Almer\u00eda Curr\u00edculum https:\/\/www.researchgate.net\/scientific-contributions\/Luis-Ortiz-Jimenez-2128818181 0000-0002-3943-1989<\/p>\n","protected":false},"author":1,"featured_media":0,"parent":27355,"menu_order":0,"comment_status":"closed","ping_status":"closed","template":"","meta":{"footnotes":""},"class_list":["post-27430","page","type-page","status-publish","hentry"],"_links":{"self":[{"href":"https:\/\/cemyri.es\/es\/wp-json\/wp\/v2\/pages\/27430","targetHints":{"allow":["GET"]}}],"collection":[{"href":"https:\/\/cemyri.es\/es\/wp-json\/wp\/v2\/pages"}],"about":[{"href":"https:\/\/cemyri.es\/es\/wp-json\/wp\/v2\/types\/page"}],"author":[{"embeddable":true,"href":"https:\/\/cemyri.es\/es\/wp-json\/wp\/v2\/users\/1"}],"replies":[{"embeddable":true,"href":"https:\/\/cemyri.es\/es\/wp-json\/wp\/v2\/comments?post=27430"}],"version-history":[{"count":1,"href":"https:\/\/cemyri.es\/es\/wp-json\/wp\/v2\/pages\/27430\/revisions"}],"predecessor-version":[{"id":27431,"href":"https:\/\/cemyri.es\/es\/wp-json\/wp\/v2\/pages\/27430\/revisions\/27431"}],"up":[{"embeddable":true,"href":"https:\/\/cemyri.es\/es\/wp-json\/wp\/v2\/pages\/27355"}],"wp:attachment":[{"href":"https:\/\/cemyri.es\/es\/wp-json\/wp\/v2\/media?parent=27430"}],"curies":[{"name":"wp","href":"https:\/\/api.w.org\/{rel}","templated":true}]}}