{"id":27433,"date":"2022-10-13T10:21:13","date_gmt":"2022-10-13T10:21:13","guid":{"rendered":"https:\/\/cemyri.es\/es\/?page_id=27433"},"modified":"2022-10-13T10:21:14","modified_gmt":"2022-10-13T10:21:14","slug":"fernando-jesus-plaza-del-pino","status":"publish","type":"page","link":"https:\/\/cemyri.es\/es\/profesores-titulares\/fernando-jesus-plaza-del-pino\/","title":{"rendered":"Fernando Jes\u00fas Plaza Del Pino"},"content":{"rendered":"\n<p><strong>Departamento: <\/strong>Enfermer\u00eda, Fisioterapia y Medicina<\/p>\n\n\n\n<p><strong>\u00c1rea de conocimiento: <\/strong>Enfermer\u00eda<\/p>\n\n\n\n<p><strong>Universidad: <\/strong>Almer\u00eda<\/p>\n\n\n\n<p><strong>L\u00edneas de Investigaci\u00f3n: <\/strong>Migraciones, comunicaci\u00f3n intercultural y atenci\u00f3n a la diversidad cultural en el campo de la Salud.<\/p>\n\n\n\n<p><strong>Grupo de Investigaci\u00f3n: <\/strong>HUM665<\/p>\n\n\n\n<p><strong>Correo Electr\u00f3nico: <\/strong><a href=\"mailto:ferplaza@ual.es\">ferplaza@ual.es<\/a><\/p>\n\n\n\n<p><strong>Direcci\u00f3n de contacto: <\/strong>Edificio de Ciencias de la Salud, Planta 2, Despacho 11<\/p>\n\n\n\n<p><strong>Curr\u00edculum<\/strong><\/p>\n\n\n\n<p>Co-director del programa en RadioUAL sobre migraciones e interculturalidad \u00abEspacio sin Fronteras\u00bb.<\/p>\n\n\n\n<p>Autor del libro \u00abComunicaci\u00f3n, cuidado y vida en la diversidad. Una propuesta de formaci\u00f3n intercultural\u00bb. Ed. Universidad de Almer\u00eda.<\/p>\n\n\n\n<p>ResearchGate: <\/p>\n\n\n\n<p><a href=\"https:\/\/www.researchgate.net\/profile\/Fernando-J-Del-Pino\">https:\/\/www.researchgate.net\/profile\/Fernando-J-Del-Pino<\/a> <\/p>\n\n\n\n<p>Orcid:<\/p>\n\n\n\n<p><a href=\"https:\/\/orcid.org\/0000-0003-4287-0410\">https:\/\/orcid.org\/0000-0003-4287-0410<\/a><\/p>\n","protected":false},"excerpt":{"rendered":"<p>Departamento: Enfermer\u00eda, Fisioterapia y Medicina \u00c1rea de conocimiento: Enfermer\u00eda Universidad: Almer\u00eda L\u00edneas de Investigaci\u00f3n: Migraciones, comunicaci\u00f3n intercultural y atenci\u00f3n a la diversidad cultural en el campo de la Salud. Grupo de Investigaci\u00f3n: HUM665 Correo Electr\u00f3nico: ferplaza@ual.es Direcci\u00f3n de contacto: Edificio de Ciencias de la Salud, Planta 2, Despacho 11 Curr\u00edculum Co-director del programa en RadioUAL&#8230;<\/p>\n","protected":false},"author":1,"featured_media":0,"parent":27355,"menu_order":0,"comment_status":"closed","ping_status":"closed","template":"","meta":{"footnotes":""},"class_list":["post-27433","page","type-page","status-publish","hentry"],"_links":{"self":[{"href":"https:\/\/cemyri.es\/es\/wp-json\/wp\/v2\/pages\/27433","targetHints":{"allow":["GET"]}}],"collection":[{"href":"https:\/\/cemyri.es\/es\/wp-json\/wp\/v2\/pages"}],"about":[{"href":"https:\/\/cemyri.es\/es\/wp-json\/wp\/v2\/types\/page"}],"author":[{"embeddable":true,"href":"https:\/\/cemyri.es\/es\/wp-json\/wp\/v2\/users\/1"}],"replies":[{"embeddable":true,"href":"https:\/\/cemyri.es\/es\/wp-json\/wp\/v2\/comments?post=27433"}],"version-history":[{"count":1,"href":"https:\/\/cemyri.es\/es\/wp-json\/wp\/v2\/pages\/27433\/revisions"}],"predecessor-version":[{"id":27434,"href":"https:\/\/cemyri.es\/es\/wp-json\/wp\/v2\/pages\/27433\/revisions\/27434"}],"up":[{"embeddable":true,"href":"https:\/\/cemyri.es\/es\/wp-json\/wp\/v2\/pages\/27355"}],"wp:attachment":[{"href":"https:\/\/cemyri.es\/es\/wp-json\/wp\/v2\/media?parent=27433"}],"curies":[{"name":"wp","href":"https:\/\/api.w.org\/{rel}","templated":true}]}}