{"id":27435,"date":"2022-10-13T10:22:10","date_gmt":"2022-10-13T10:22:10","guid":{"rendered":"https:\/\/cemyri.es\/es\/?page_id=27435"},"modified":"2022-10-13T10:22:10","modified_gmt":"2022-10-13T10:22:10","slug":"carmen-pozo-munoz","status":"publish","type":"page","link":"https:\/\/cemyri.es\/es\/profesores-titulares\/carmen-pozo-munoz\/","title":{"rendered":"Carmen Pozo Mu\u00f1oz"},"content":{"rendered":"\n<p><strong>Departamento: <\/strong>Psicolog\u00eda<\/p>\n\n\n\n<p><strong>\u00c1rea de conocimiento: <\/strong>Psicolog\u00eda social<\/p>\n\n\n\n<p><strong>Universidad: <\/strong>Almer\u00eda<\/p>\n\n\n\n<p><strong>L\u00edneas de Investigaci\u00f3n: <\/strong>Intervenci\u00f3n social, dise\u00f1o y evaluaci\u00f3n de programas, psicolog\u00eda social de la salud<\/p>\n\n\n\n<p><strong>Grupo de Investigaci\u00f3n: <\/strong>HUM 792: \u00abIntervenci\u00f3n social y salud\u00bb<\/p>\n\n\n\n<p><strong>Correo Electr\u00f3nico: <\/strong><a href=\"mailto:cpozo@ual.es\">cpozo@ual.es<\/a><\/p>\n\n\n\n<p><strong>Direcci\u00f3n de contacto: D<\/strong>espacho 2.27 edificio C de humanidades<\/p>\n\n\n\n<p><strong>Curr\u00edculum<\/strong><\/p>\n\n\n\n<p>ORCID: 0000-0001-5074-2959<\/p>\n\n\n\n<p>&nbsp;BRUJULA-UAL:&nbsp;&nbsp;&nbsp;&nbsp; <a href=\"http:\/\/brujula.ual.es\/authors\/764.html\">http:\/\/brujula.ual.es\/authors\/764.html<\/a><\/p>\n\n\n\n<p>Scopus Author ID: 15048511200<\/p>\n\n\n\n<p>Dialnet id: 231375 \u00a0<\/p>\n\n\n\n<p>Google Scholar Id: 7MEckNEAAAAJ<\/p>\n","protected":false},"excerpt":{"rendered":"<p>Departamento: Psicolog\u00eda \u00c1rea de conocimiento: Psicolog\u00eda social Universidad: Almer\u00eda L\u00edneas de Investigaci\u00f3n: Intervenci\u00f3n social, dise\u00f1o y evaluaci\u00f3n de programas, psicolog\u00eda social de la salud Grupo de Investigaci\u00f3n: HUM 792: \u00abIntervenci\u00f3n social y salud\u00bb Correo Electr\u00f3nico: cpozo@ual.es Direcci\u00f3n de contacto: Despacho 2.27 edificio C de humanidades Curr\u00edculum ORCID: 0000-0001-5074-2959 &nbsp;BRUJULA-UAL:&nbsp;&nbsp;&nbsp;&nbsp; http:\/\/brujula.ual.es\/authors\/764.html Scopus Author ID: 15048511200 Dialnet&#8230;<\/p>\n","protected":false},"author":1,"featured_media":0,"parent":27355,"menu_order":0,"comment_status":"closed","ping_status":"closed","template":"","meta":{"footnotes":""},"class_list":["post-27435","page","type-page","status-publish","hentry"],"_links":{"self":[{"href":"https:\/\/cemyri.es\/es\/wp-json\/wp\/v2\/pages\/27435","targetHints":{"allow":["GET"]}}],"collection":[{"href":"https:\/\/cemyri.es\/es\/wp-json\/wp\/v2\/pages"}],"about":[{"href":"https:\/\/cemyri.es\/es\/wp-json\/wp\/v2\/types\/page"}],"author":[{"embeddable":true,"href":"https:\/\/cemyri.es\/es\/wp-json\/wp\/v2\/users\/1"}],"replies":[{"embeddable":true,"href":"https:\/\/cemyri.es\/es\/wp-json\/wp\/v2\/comments?post=27435"}],"version-history":[{"count":1,"href":"https:\/\/cemyri.es\/es\/wp-json\/wp\/v2\/pages\/27435\/revisions"}],"predecessor-version":[{"id":27437,"href":"https:\/\/cemyri.es\/es\/wp-json\/wp\/v2\/pages\/27435\/revisions\/27437"}],"up":[{"embeddable":true,"href":"https:\/\/cemyri.es\/es\/wp-json\/wp\/v2\/pages\/27355"}],"wp:attachment":[{"href":"https:\/\/cemyri.es\/es\/wp-json\/wp\/v2\/media?parent=27435"}],"curies":[{"name":"wp","href":"https:\/\/api.w.org\/{rel}","templated":true}]}}