{"id":27439,"date":"2022-10-13T10:23:18","date_gmt":"2022-10-13T10:23:18","guid":{"rendered":"https:\/\/cemyri.es\/es\/?page_id=27439"},"modified":"2022-10-13T10:23:19","modified_gmt":"2022-10-13T10:23:19","slug":"rafael-alvaro-pulido-moyano","status":"publish","type":"page","link":"https:\/\/cemyri.es\/es\/profesores-titulares\/rafael-alvaro-pulido-moyano\/","title":{"rendered":"Rafael \u00c1lvaro Pulido Moyano"},"content":{"rendered":"\n<p><strong>Departamento: <\/strong>Educaci\u00f3n<\/p>\n\n\n\n<p><strong>\u00c1rea de conocimiento: <\/strong>Did\u00e1ctica y Organizaci\u00f3n Escolar<\/p>\n\n\n\n<p><strong>Universidad: <\/strong>Almer\u00eda<\/p>\n\n\n\n<p><strong>L\u00edneas de Investigaci\u00f3n: <\/strong>Educaci\u00f3n y Espiritualidad<\/p>\n\n\n\n<p><strong>Grupo de Investigaci\u00f3n: <\/strong>HUM1022 (Ciencia, Consciencia y Desarrollo)<\/p>\n\n\n\n<p><strong>Correo Electr\u00f3nico: <\/strong><a href=\"mailto:rpulido@ual.es\">rpulido@ual.es<\/a><\/p>\n\n\n\n<p><strong>Direcci\u00f3n de contacto: <\/strong>Despacho 2.14, Edificio A (Facultad de Ciencias de la Educaci\u00f3n)<\/p>\n\n\n\n<p><strong>Curr\u00edculum<\/strong><\/p>\n\n\n\n<p><a href=\"https:\/\/orcid.org\/0000-0002-6492-6297. Pulido-Moyano, Rafael\">https:\/\/orcid.org\/0000-0002-6492-6297. Pulido-Moyano, Rafael<\/a><\/p>\n\n\n\n<p><a href=\"https:\/\/dialnet.unirioja.es\/servlet\/autor?codigo=201135\">https:\/\/dialnet.unirioja.es\/servlet\/autor?codigo=201135<\/a><\/p>\n","protected":false},"excerpt":{"rendered":"<p>Departamento: Educaci\u00f3n \u00c1rea de conocimiento: Did\u00e1ctica y Organizaci\u00f3n Escolar Universidad: Almer\u00eda L\u00edneas de Investigaci\u00f3n: Educaci\u00f3n y Espiritualidad Grupo de Investigaci\u00f3n: HUM1022 (Ciencia, Consciencia y Desarrollo) Correo Electr\u00f3nico: rpulido@ual.es Direcci\u00f3n de contacto: Despacho 2.14, Edificio A (Facultad de Ciencias de la Educaci\u00f3n) Curr\u00edculum https:\/\/orcid.org\/0000-0002-6492-6297. Pulido-Moyano, Rafael https:\/\/dialnet.unirioja.es\/servlet\/autor?codigo=201135<\/p>\n","protected":false},"author":1,"featured_media":0,"parent":27355,"menu_order":0,"comment_status":"closed","ping_status":"closed","template":"","meta":{"footnotes":""},"class_list":["post-27439","page","type-page","status-publish","hentry"],"_links":{"self":[{"href":"https:\/\/cemyri.es\/es\/wp-json\/wp\/v2\/pages\/27439","targetHints":{"allow":["GET"]}}],"collection":[{"href":"https:\/\/cemyri.es\/es\/wp-json\/wp\/v2\/pages"}],"about":[{"href":"https:\/\/cemyri.es\/es\/wp-json\/wp\/v2\/types\/page"}],"author":[{"embeddable":true,"href":"https:\/\/cemyri.es\/es\/wp-json\/wp\/v2\/users\/1"}],"replies":[{"embeddable":true,"href":"https:\/\/cemyri.es\/es\/wp-json\/wp\/v2\/comments?post=27439"}],"version-history":[{"count":1,"href":"https:\/\/cemyri.es\/es\/wp-json\/wp\/v2\/pages\/27439\/revisions"}],"predecessor-version":[{"id":27440,"href":"https:\/\/cemyri.es\/es\/wp-json\/wp\/v2\/pages\/27439\/revisions\/27440"}],"up":[{"embeddable":true,"href":"https:\/\/cemyri.es\/es\/wp-json\/wp\/v2\/pages\/27355"}],"wp:attachment":[{"href":"https:\/\/cemyri.es\/es\/wp-json\/wp\/v2\/media?parent=27439"}],"curies":[{"name":"wp","href":"https:\/\/api.w.org\/{rel}","templated":true}]}}