{"id":27442,"date":"2022-10-13T11:17:23","date_gmt":"2022-10-13T11:17:23","guid":{"rendered":"https:\/\/cemyri.es\/es\/?page_id=27442"},"modified":"2022-10-13T11:17:24","modified_gmt":"2022-10-13T11:17:24","slug":"pablo-pumares-fernandez","status":"publish","type":"page","link":"https:\/\/cemyri.es\/es\/profesores-titulares\/pablo-pumares-fernandez\/","title":{"rendered":"Pablo Pumares Fern\u00e1ndez"},"content":{"rendered":"\n<p><strong>Departamento: <\/strong>Geograf\u00eda, Historia y Humanidades<\/p>\n\n\n\n<p><strong>\u00c1rea de conocimiento: <\/strong>Geograf\u00eda Humana<\/p>\n\n\n\n<p><strong>Universidad: <\/strong>Almer\u00eda<\/p>\n\n\n\n<p><strong>L\u00edneas de Investigaci\u00f3n: <\/strong>Historia, Geograf\u00eda e Historia del Arte<\/p>\n\n\n\n<p><strong>Grupo de Investigaci\u00f3n: <\/strong>HUM635<\/p>\n\n\n\n<p><strong>Correo Electr\u00f3nico: <\/strong><a href=\"mailto:ppumares@ual.es\">ppumares@ual.es<\/a><\/p>\n\n\n\n<p><strong>Direcci\u00f3n de contacto: <\/strong>Edificio Departamental de Humanidades y Ciencias de la Educaci\u00f3n II (Edif. C), Planta 2, Despacho 36<\/p>\n\n\n\n<p><strong>Curr\u00edculum <\/strong><\/p>\n\n\n\n<p><a href=\"https:\/\/www.researchgate.net\/profile\/Pablo-Pumares\">https:\/\/www.researchgate.net\/profile\/Pablo-Pumares<\/a><\/p>\n","protected":false},"excerpt":{"rendered":"<p>Departamento: Geograf\u00eda, Historia y Humanidades \u00c1rea de conocimiento: Geograf\u00eda Humana Universidad: Almer\u00eda L\u00edneas de Investigaci\u00f3n: Historia, Geograf\u00eda e Historia del Arte Grupo de Investigaci\u00f3n: HUM635 Correo Electr\u00f3nico: ppumares@ual.es Direcci\u00f3n de contacto: Edificio Departamental de Humanidades y Ciencias de la Educaci\u00f3n II (Edif. C), Planta 2, Despacho 36 Curr\u00edculum https:\/\/www.researchgate.net\/profile\/Pablo-Pumares<\/p>\n","protected":false},"author":1,"featured_media":0,"parent":27355,"menu_order":0,"comment_status":"closed","ping_status":"closed","template":"","meta":{"footnotes":""},"class_list":["post-27442","page","type-page","status-publish","hentry"],"_links":{"self":[{"href":"https:\/\/cemyri.es\/es\/wp-json\/wp\/v2\/pages\/27442","targetHints":{"allow":["GET"]}}],"collection":[{"href":"https:\/\/cemyri.es\/es\/wp-json\/wp\/v2\/pages"}],"about":[{"href":"https:\/\/cemyri.es\/es\/wp-json\/wp\/v2\/types\/page"}],"author":[{"embeddable":true,"href":"https:\/\/cemyri.es\/es\/wp-json\/wp\/v2\/users\/1"}],"replies":[{"embeddable":true,"href":"https:\/\/cemyri.es\/es\/wp-json\/wp\/v2\/comments?post=27442"}],"version-history":[{"count":1,"href":"https:\/\/cemyri.es\/es\/wp-json\/wp\/v2\/pages\/27442\/revisions"}],"predecessor-version":[{"id":27443,"href":"https:\/\/cemyri.es\/es\/wp-json\/wp\/v2\/pages\/27442\/revisions\/27443"}],"up":[{"embeddable":true,"href":"https:\/\/cemyri.es\/es\/wp-json\/wp\/v2\/pages\/27355"}],"wp:attachment":[{"href":"https:\/\/cemyri.es\/es\/wp-json\/wp\/v2\/media?parent=27442"}],"curies":[{"name":"wp","href":"https:\/\/api.w.org\/{rel}","templated":true}]}}