{"id":27444,"date":"2022-10-13T11:18:11","date_gmt":"2022-10-13T11:18:11","guid":{"rendered":"https:\/\/cemyri.es\/es\/?page_id=27444"},"modified":"2022-10-13T11:18:11","modified_gmt":"2022-10-13T11:18:11","slug":"pilar-rodriguez-martinez","status":"publish","type":"page","link":"https:\/\/cemyri.es\/es\/profesores-titulares\/pilar-rodriguez-martinez\/","title":{"rendered":"Pilar Rodr\u00edguez Mart\u00ednez"},"content":{"rendered":"\n<p><strong>Departamento: <\/strong>Geograf\u00eda, Historia y Humanidades<\/p>\n\n\n\n<p><strong>\u00c1rea de conocimiento: <\/strong>Sociolog\u00eda<\/p>\n\n\n\n<p><strong>Universidad: <\/strong>Almer\u00eda<\/p>\n\n\n\n<p><strong>L\u00edneas de Investigaci\u00f3n: <\/strong>Migraciones, G\u00e9nero y Racismo<\/p>\n\n\n\n<p><strong>Grupo de Investigaci\u00f3n: <\/strong>Investigaci\u00f3n Internacional Comparada (HUM-1028).<\/p>\n\n\n\n<p><strong>Correo Electr\u00f3nico: <\/strong><a href=\"mailto:pilarr@ual.es\">pilarr@ual.es<\/a><\/p>\n\n\n\n<p><strong>Direcci\u00f3n de contacto: <\/strong>Edificio Departamental de Humanidades y Ciencias de la Educaci\u00f3n II (Edif. C), Planta 1, Despacho 2.57<\/p>\n\n\n\n<p><strong>Curr\u00edculum<\/strong><\/p>\n\n\n\n<p><a href=\"https:\/\/www.researchgate.net\/profile\/Pilar-Rodriguez-17\">https:\/\/www.researchgate.net\/profile\/Pilar-Rodriguez-17<\/a> \u00a0\u00a0<\/p>\n\n\n\n<p><a href=\"https:\/\/orcid.org\/0000-0001-6347-9117\">https:\/\/orcid.org\/0000-0001-6347-9117<\/a><\/p>\n","protected":false},"excerpt":{"rendered":"<p>Departamento: Geograf\u00eda, Historia y Humanidades \u00c1rea de conocimiento: Sociolog\u00eda Universidad: Almer\u00eda L\u00edneas de Investigaci\u00f3n: Migraciones, G\u00e9nero y Racismo Grupo de Investigaci\u00f3n: Investigaci\u00f3n Internacional Comparada (HUM-1028). Correo Electr\u00f3nico: pilarr@ual.es Direcci\u00f3n de contacto: Edificio Departamental de Humanidades y Ciencias de la Educaci\u00f3n II (Edif. C), Planta 1, Despacho 2.57 Curr\u00edculum https:\/\/www.researchgate.net\/profile\/Pilar-Rodriguez-17 \u00a0\u00a0 https:\/\/orcid.org\/0000-0001-6347-9117<\/p>\n","protected":false},"author":1,"featured_media":0,"parent":27355,"menu_order":0,"comment_status":"closed","ping_status":"closed","template":"","meta":{"footnotes":""},"class_list":["post-27444","page","type-page","status-publish","hentry"],"_links":{"self":[{"href":"https:\/\/cemyri.es\/es\/wp-json\/wp\/v2\/pages\/27444","targetHints":{"allow":["GET"]}}],"collection":[{"href":"https:\/\/cemyri.es\/es\/wp-json\/wp\/v2\/pages"}],"about":[{"href":"https:\/\/cemyri.es\/es\/wp-json\/wp\/v2\/types\/page"}],"author":[{"embeddable":true,"href":"https:\/\/cemyri.es\/es\/wp-json\/wp\/v2\/users\/1"}],"replies":[{"embeddable":true,"href":"https:\/\/cemyri.es\/es\/wp-json\/wp\/v2\/comments?post=27444"}],"version-history":[{"count":1,"href":"https:\/\/cemyri.es\/es\/wp-json\/wp\/v2\/pages\/27444\/revisions"}],"predecessor-version":[{"id":27445,"href":"https:\/\/cemyri.es\/es\/wp-json\/wp\/v2\/pages\/27444\/revisions\/27445"}],"up":[{"embeddable":true,"href":"https:\/\/cemyri.es\/es\/wp-json\/wp\/v2\/pages\/27355"}],"wp:attachment":[{"href":"https:\/\/cemyri.es\/es\/wp-json\/wp\/v2\/media?parent=27444"}],"curies":[{"name":"wp","href":"https:\/\/api.w.org\/{rel}","templated":true}]}}