{"id":27446,"date":"2022-10-13T11:19:12","date_gmt":"2022-10-13T11:19:12","guid":{"rendered":"https:\/\/cemyri.es\/es\/?page_id=27446"},"modified":"2022-10-13T11:19:12","modified_gmt":"2022-10-13T11:19:12","slug":"antonio-jose-rojas-tejada","status":"publish","type":"page","link":"https:\/\/cemyri.es\/es\/profesores-titulares\/antonio-jose-rojas-tejada\/","title":{"rendered":"Antonio Jos\u00e9 Rojas Tejada"},"content":{"rendered":"\n<p><strong>Departamento: <\/strong>Psicolog\u00eda<\/p>\n\n\n\n<p><strong>\u00c1rea de conocimiento: <\/strong>Metodolog\u00eda de las Ciencias del Comportamiento<\/p>\n\n\n\n<p><strong>Universidad: <\/strong>Almer\u00eda<\/p>\n\n\n\n<p><strong>L\u00edneas de Investigaci\u00f3n: <\/strong>Estudios psicosociales y metodol\u00f3gicos<\/p>\n\n\n\n<p><strong>Grupo de Investigaci\u00f3n: <\/strong>HUM743<\/p>\n\n\n\n<p><strong>Correo Electr\u00f3nico: <\/strong><a href=\"mailto:arojas@ual.es\">arojas@ual.es<\/a><\/p>\n\n\n\n<p><strong>Direcci\u00f3n de contacto: <\/strong>Edificio Departamental de Humanidades y Ciencias de la Educaci\u00f3n II (Edif. C), Planta 2, Despacho 270<\/p>\n\n\n\n<p><strong>Curr\u00edculum <\/strong><\/p>\n\n\n\n<p><a href=\"https:\/\/www.researchgate.net\/profile\/Antonio-Rojas-Tejada\">https:\/\/www.researchgate.net\/profile\/Antonio-Rojas-Tejada<\/a><\/p>\n","protected":false},"excerpt":{"rendered":"<p>Departamento: Psicolog\u00eda \u00c1rea de conocimiento: Metodolog\u00eda de las Ciencias del Comportamiento Universidad: Almer\u00eda L\u00edneas de Investigaci\u00f3n: Estudios psicosociales y metodol\u00f3gicos Grupo de Investigaci\u00f3n: HUM743 Correo Electr\u00f3nico: arojas@ual.es Direcci\u00f3n de contacto: Edificio Departamental de Humanidades y Ciencias de la Educaci\u00f3n II (Edif. C), Planta 2, Despacho 270 Curr\u00edculum https:\/\/www.researchgate.net\/profile\/Antonio-Rojas-Tejada<\/p>\n","protected":false},"author":1,"featured_media":0,"parent":27355,"menu_order":0,"comment_status":"closed","ping_status":"closed","template":"","meta":{"footnotes":""},"class_list":["post-27446","page","type-page","status-publish","hentry"],"_links":{"self":[{"href":"https:\/\/cemyri.es\/es\/wp-json\/wp\/v2\/pages\/27446","targetHints":{"allow":["GET"]}}],"collection":[{"href":"https:\/\/cemyri.es\/es\/wp-json\/wp\/v2\/pages"}],"about":[{"href":"https:\/\/cemyri.es\/es\/wp-json\/wp\/v2\/types\/page"}],"author":[{"embeddable":true,"href":"https:\/\/cemyri.es\/es\/wp-json\/wp\/v2\/users\/1"}],"replies":[{"embeddable":true,"href":"https:\/\/cemyri.es\/es\/wp-json\/wp\/v2\/comments?post=27446"}],"version-history":[{"count":1,"href":"https:\/\/cemyri.es\/es\/wp-json\/wp\/v2\/pages\/27446\/revisions"}],"predecessor-version":[{"id":27448,"href":"https:\/\/cemyri.es\/es\/wp-json\/wp\/v2\/pages\/27446\/revisions\/27448"}],"up":[{"embeddable":true,"href":"https:\/\/cemyri.es\/es\/wp-json\/wp\/v2\/pages\/27355"}],"wp:attachment":[{"href":"https:\/\/cemyri.es\/es\/wp-json\/wp\/v2\/media?parent=27446"}],"curies":[{"name":"wp","href":"https:\/\/api.w.org\/{rel}","templated":true}]}}