{"id":27449,"date":"2022-10-13T11:20:01","date_gmt":"2022-10-13T11:20:01","guid":{"rendered":"https:\/\/cemyri.es\/es\/?page_id=27449"},"modified":"2022-10-13T11:20:01","modified_gmt":"2022-10-13T11:20:01","slug":"esther-maria-salmeron-manzano","status":"publish","type":"page","link":"https:\/\/cemyri.es\/es\/profesores-titulares\/esther-maria-salmeron-manzano\/","title":{"rendered":"Esther Mar\u00eda Salmer\u00f3n Manzano"},"content":{"rendered":"\n<p><strong>Departamento:<\/strong><\/p>\n\n\n\n<p><strong>\u00c1rea de conocimiento:<\/strong><\/p>\n\n\n\n<p><strong>Universidad: <\/strong>Granada \/ Almer\u00eda<\/p>\n\n\n\n<p><strong>L\u00edneas de Investigaci\u00f3n: <\/strong>Actitudes prejuiciosas, aculturaci\u00f3n, adaptaci\u00f3n<\/p>\n\n\n\n<p><strong>Grupo de Investigaci\u00f3n: <\/strong>HUM743 Estudios Psicosociales y Metodol\u00f3gicos (HUM743), Universidad de Almer\u00eda<\/p>\n\n\n\n<p><strong>Correo Electr\u00f3nico: <\/strong><a href=\"mailto:esm647@ual.es\">esm647@ual.es<\/a><\/p>\n\n\n\n<p><strong>Direcci\u00f3n de contacto: <\/strong>Edificio Departamental de Humanidades y Ciencias de la Educaci\u00f3n II (Edif. C). Planta 1, Despacho 111<\/p>\n\n\n\n<p><strong>Curr\u00edculum<\/strong><\/p>\n\n\n\n<p><a href=\"https:\/\/www.researchgate.net\/profile\/Esther-Salmeron-Manzano\">https:\/\/www.researchgate.net\/profile\/Esther-Salmeron-Manzano<\/a><\/p>\n","protected":false},"excerpt":{"rendered":"<p>Departamento: \u00c1rea de conocimiento: Universidad: Granada \/ Almer\u00eda L\u00edneas de Investigaci\u00f3n: Actitudes prejuiciosas, aculturaci\u00f3n, adaptaci\u00f3n Grupo de Investigaci\u00f3n: HUM743 Estudios Psicosociales y Metodol\u00f3gicos (HUM743), Universidad de Almer\u00eda Correo Electr\u00f3nico: esm647@ual.es Direcci\u00f3n de contacto: Edificio Departamental de Humanidades y Ciencias de la Educaci\u00f3n II (Edif. C). Planta 1, Despacho 111 Curr\u00edculum https:\/\/www.researchgate.net\/profile\/Esther-Salmeron-Manzano<\/p>\n","protected":false},"author":1,"featured_media":0,"parent":27355,"menu_order":0,"comment_status":"closed","ping_status":"closed","template":"","meta":{"footnotes":""},"class_list":["post-27449","page","type-page","status-publish","hentry"],"_links":{"self":[{"href":"https:\/\/cemyri.es\/es\/wp-json\/wp\/v2\/pages\/27449","targetHints":{"allow":["GET"]}}],"collection":[{"href":"https:\/\/cemyri.es\/es\/wp-json\/wp\/v2\/pages"}],"about":[{"href":"https:\/\/cemyri.es\/es\/wp-json\/wp\/v2\/types\/page"}],"author":[{"embeddable":true,"href":"https:\/\/cemyri.es\/es\/wp-json\/wp\/v2\/users\/1"}],"replies":[{"embeddable":true,"href":"https:\/\/cemyri.es\/es\/wp-json\/wp\/v2\/comments?post=27449"}],"version-history":[{"count":1,"href":"https:\/\/cemyri.es\/es\/wp-json\/wp\/v2\/pages\/27449\/revisions"}],"predecessor-version":[{"id":27451,"href":"https:\/\/cemyri.es\/es\/wp-json\/wp\/v2\/pages\/27449\/revisions\/27451"}],"up":[{"embeddable":true,"href":"https:\/\/cemyri.es\/es\/wp-json\/wp\/v2\/pages\/27355"}],"wp:attachment":[{"href":"https:\/\/cemyri.es\/es\/wp-json\/wp\/v2\/media?parent=27449"}],"curies":[{"name":"wp","href":"https:\/\/api.w.org\/{rel}","templated":true}]}}