{"id":27452,"date":"2022-10-13T11:20:47","date_gmt":"2022-10-13T11:20:47","guid":{"rendered":"https:\/\/cemyri.es\/es\/?page_id=27452"},"modified":"2022-10-13T11:20:47","modified_gmt":"2022-10-13T11:20:47","slug":"maria-sanchez-castello","status":"publish","type":"page","link":"https:\/\/cemyri.es\/es\/profesores-titulares\/maria-sanchez-castello\/","title":{"rendered":"Mar\u00eda S\u00e1nchez Castell\u00f3"},"content":{"rendered":"\n<p><strong>Departamento: <\/strong>Departamento de Psicolog\u00eda<\/p>\n\n\n\n<p><strong>\u00c1rea de conocimiento: <\/strong>Psicolog\u00eda Social<\/p>\n\n\n\n<p><strong>Universidad: <\/strong>Universidad de Almer\u00eda<\/p>\n\n\n\n<p><strong>L\u00edneas de Investigaci\u00f3n: <\/strong>Actitudes intergrupales, aculturaci\u00f3n y adaptaci\u00f3n de adolescentes<\/p>\n\n\n\n<p><strong>Grupo de Investigaci\u00f3n: <\/strong>HUM-743<\/p>\n\n\n\n<p><strong>Correo Electr\u00f3nico: <\/strong><a href=\"mailto:msc943@ual.es\">msc943@ual.es<\/a><\/p>\n\n\n\n<p><strong>Direcci\u00f3n de contacto: <\/strong>Edificio Departamental de Humanidades y Ciencias de la Educaci\u00f3n II (Edif. C), Planta 1, Despacho 111<\/p>\n\n\n\n<p><strong>Curr\u00edculum<\/strong><\/p>\n\n\n\n<p><a href=\"https:\/\/www.researchgate.net\/profile\/Maria-Sanchez-Castello\">https:\/\/www.researchgate.net\/profile\/Maria-Sanchez-Castello<\/a><\/p>\n","protected":false},"excerpt":{"rendered":"<p>Departamento: Departamento de Psicolog\u00eda \u00c1rea de conocimiento: Psicolog\u00eda Social Universidad: Universidad de Almer\u00eda L\u00edneas de Investigaci\u00f3n: Actitudes intergrupales, aculturaci\u00f3n y adaptaci\u00f3n de adolescentes Grupo de Investigaci\u00f3n: HUM-743 Correo Electr\u00f3nico: msc943@ual.es Direcci\u00f3n de contacto: Edificio Departamental de Humanidades y Ciencias de la Educaci\u00f3n II (Edif. C), Planta 1, Despacho 111 Curr\u00edculum https:\/\/www.researchgate.net\/profile\/Maria-Sanchez-Castello<\/p>\n","protected":false},"author":1,"featured_media":0,"parent":27355,"menu_order":0,"comment_status":"closed","ping_status":"closed","template":"","meta":{"footnotes":""},"class_list":["post-27452","page","type-page","status-publish","hentry"],"_links":{"self":[{"href":"https:\/\/cemyri.es\/es\/wp-json\/wp\/v2\/pages\/27452","targetHints":{"allow":["GET"]}}],"collection":[{"href":"https:\/\/cemyri.es\/es\/wp-json\/wp\/v2\/pages"}],"about":[{"href":"https:\/\/cemyri.es\/es\/wp-json\/wp\/v2\/types\/page"}],"author":[{"embeddable":true,"href":"https:\/\/cemyri.es\/es\/wp-json\/wp\/v2\/users\/1"}],"replies":[{"embeddable":true,"href":"https:\/\/cemyri.es\/es\/wp-json\/wp\/v2\/comments?post=27452"}],"version-history":[{"count":1,"href":"https:\/\/cemyri.es\/es\/wp-json\/wp\/v2\/pages\/27452\/revisions"}],"predecessor-version":[{"id":27454,"href":"https:\/\/cemyri.es\/es\/wp-json\/wp\/v2\/pages\/27452\/revisions\/27454"}],"up":[{"embeddable":true,"href":"https:\/\/cemyri.es\/es\/wp-json\/wp\/v2\/pages\/27355"}],"wp:attachment":[{"href":"https:\/\/cemyri.es\/es\/wp-json\/wp\/v2\/media?parent=27452"}],"curies":[{"name":"wp","href":"https:\/\/api.w.org\/{rel}","templated":true}]}}