{"id":27455,"date":"2022-10-13T11:21:48","date_gmt":"2022-10-13T11:21:48","guid":{"rendered":"https:\/\/cemyri.es\/es\/?page_id=27455"},"modified":"2022-10-13T11:21:48","modified_gmt":"2022-10-13T11:21:48","slug":"andres-sanchez-picon","status":"publish","type":"page","link":"https:\/\/cemyri.es\/es\/andres-sanchez-picon\/","title":{"rendered":"Andr\u00e9s S\u00e1nchez Pic\u00f3n"},"content":{"rendered":"\n<p><strong>Departamento: <\/strong>Econom\u00eda y Empresa<\/p>\n\n\n\n<p><strong>\u00c1rea de conocimiento: <\/strong>Historia e instituciones econ\u00f3micas<\/p>\n\n\n\n<p><strong>Universidad<\/strong>: Almer\u00eda<\/p>\n\n\n\n<p><strong>L\u00edneas de Investigaci\u00f3n: <\/strong>Historia econ\u00f3mica, desarrollo econ\u00f3mico,<strong><\/strong><\/p>\n\n\n\n<p><strong>Grupo de Investigaci\u00f3n: <\/strong>HEDES (historia econ\u00f3mica y desarrollo) SEJ 667<strong><\/strong><\/p>\n\n\n\n<p><strong>Correo Electr\u00f3nico: <\/strong><a href=\"mailto:aspicon@ual.es\">aspicon@ual.es<\/a><\/p>\n\n\n\n<p><strong>Direcci\u00f3n de contacto: <\/strong>Despacho 1.27, Edif. Depart. CC. EE. y Empresariales<\/p>\n\n\n\n<p><strong>Curr\u00edculum<\/strong><\/p>\n\n\n\n<p><a href=\"https:\/\/scholar.google.es\/citations?hl=es&amp;user=OyoP6TYAAAAJ\">https:\/\/scholar.google.es\/citations?hl=es&amp;user=OyoP6TYAAAAJ<\/a><\/p>\n\n\n\n<p><a href=\"https:\/\/www.researchgate.net\/profile\/Andres-Sanchez-Picon\">https:\/\/www.researchgate.net\/profile\/Andres-Sanchez-Picon<\/a><\/p>\n\n\n\n<p><a href=\"https:\/\/dialnet.unirioja.es\/servlet\/autor?codigo=79704\">https:\/\/dialnet.unirioja.es\/servlet\/autor?codigo=79704<\/a><\/p>\n","protected":false},"excerpt":{"rendered":"<p>Departamento: Econom\u00eda y Empresa \u00c1rea de conocimiento: Historia e instituciones econ\u00f3micas Universidad: Almer\u00eda L\u00edneas de Investigaci\u00f3n: Historia econ\u00f3mica, desarrollo econ\u00f3mico, Grupo de Investigaci\u00f3n: HEDES (historia econ\u00f3mica y desarrollo) SEJ 667 Correo Electr\u00f3nico: aspicon@ual.es Direcci\u00f3n de contacto: Despacho 1.27, Edif. Depart. CC. EE. y Empresariales Curr\u00edculum https:\/\/scholar.google.es\/citations?hl=es&amp;user=OyoP6TYAAAAJ https:\/\/www.researchgate.net\/profile\/Andres-Sanchez-Picon https:\/\/dialnet.unirioja.es\/servlet\/autor?codigo=79704<\/p>\n","protected":false},"author":1,"featured_media":0,"parent":0,"menu_order":0,"comment_status":"closed","ping_status":"closed","template":"","meta":{"footnotes":""},"class_list":["post-27455","page","type-page","status-publish","hentry"],"_links":{"self":[{"href":"https:\/\/cemyri.es\/es\/wp-json\/wp\/v2\/pages\/27455","targetHints":{"allow":["GET"]}}],"collection":[{"href":"https:\/\/cemyri.es\/es\/wp-json\/wp\/v2\/pages"}],"about":[{"href":"https:\/\/cemyri.es\/es\/wp-json\/wp\/v2\/types\/page"}],"author":[{"embeddable":true,"href":"https:\/\/cemyri.es\/es\/wp-json\/wp\/v2\/users\/1"}],"replies":[{"embeddable":true,"href":"https:\/\/cemyri.es\/es\/wp-json\/wp\/v2\/comments?post=27455"}],"version-history":[{"count":1,"href":"https:\/\/cemyri.es\/es\/wp-json\/wp\/v2\/pages\/27455\/revisions"}],"predecessor-version":[{"id":27457,"href":"https:\/\/cemyri.es\/es\/wp-json\/wp\/v2\/pages\/27455\/revisions\/27457"}],"wp:attachment":[{"href":"https:\/\/cemyri.es\/es\/wp-json\/wp\/v2\/media?parent=27455"}],"curies":[{"name":"wp","href":"https:\/\/api.w.org\/{rel}","templated":true}]}}