{"id":27458,"date":"2022-10-13T11:22:50","date_gmt":"2022-10-13T11:22:50","guid":{"rendered":"https:\/\/cemyri.es\/es\/?page_id=27458"},"modified":"2022-10-13T11:22:51","modified_gmt":"2022-10-13T11:22:51","slug":"encarnacion-soriano-ayala","status":"publish","type":"page","link":"https:\/\/cemyri.es\/es\/profesores-titulares\/encarnacion-soriano-ayala\/","title":{"rendered":"Encarnaci\u00f3n Soriano Ayala"},"content":{"rendered":"\n<p><strong>Departamento: <\/strong>Educaci\u00f3n<\/p>\n\n\n\n<p><strong>\u00c1rea de conocimiento: <\/strong>M\u00e9todos de Investigaci\u00f3n y Diagn\u00f3stico Educaci\u00f3n<\/p>\n\n\n\n<p><strong>Universidad: <\/strong>Almer\u00eda<\/p>\n\n\n\n<p><strong>L\u00edneas de Investigaci\u00f3n: <\/strong>M\u00e9todos de Investigaci\u00f3n y Diagn\u00f3stico Educaci\u00f3n.<\/p>\n\n\n\n<p><strong>Grupo de Investigaci\u00f3n: <\/strong>HUM665<\/p>\n\n\n\n<p><strong>Correo Electr\u00f3nico: <\/strong><a href=\"mailto:esoriano@ual.es\">esoriano@ual.es<\/a><\/p>\n\n\n\n<p><strong>Direcci\u00f3n de contacto: <\/strong>CEMyRI, Edificio de Servicios T\u00e9cnicos, Seg. Planta, Desp. 02.12.0, Universidad de Almer\u00eda<\/p>\n\n\n\n<p><strong>Curr\u00edculum<\/strong><\/p>\n\n\n\n<p><a href=\"https:\/\/scholar.google.es\/citations?user=-4JdelQAAAAJ&amp;hl=es\">https:\/\/scholar.google.es\/citations?user=-4JdelQAAAAJ&amp;hl=es<\/a><\/p>\n\n\n\n<p><a href=\"https:\/\/www.researchgate.net\/profile\/Encarnacion-Ayala-2\">https:\/\/www.researchgate.net\/profile\/Encarnacion-Ayala-2<\/a><\/p>\n\n\n\n<p>\u00a0<a href=\"https:\/\/dialnet.unirioja.es\/servlet\/autor?codigo=116737\">https:\/\/dialnet.unirioja.es\/servlet\/autor?codigo=116737<\/a> <\/p>\n\n\n\n<p><a href=\"http:\/\/brujula.ual.es\/authors\/943.html?pageType=article&amp;sortBy=journalAsc&amp;title=&amp;yearFrom=&amp;yearUntil=&amp;publicationJournal=\">http:\/\/brujula.ual.es\/authors\/943.html?pageType=article&amp;sortBy=journalAsc&amp;title=&amp;yearFrom=&amp;yearUntil=&amp;publicationJournal=<\/a><\/p>\n","protected":false},"excerpt":{"rendered":"<p>Departamento: Educaci\u00f3n \u00c1rea de conocimiento: M\u00e9todos de Investigaci\u00f3n y Diagn\u00f3stico Educaci\u00f3n Universidad: Almer\u00eda L\u00edneas de Investigaci\u00f3n: M\u00e9todos de Investigaci\u00f3n y Diagn\u00f3stico Educaci\u00f3n. Grupo de Investigaci\u00f3n: HUM665 Correo Electr\u00f3nico: esoriano@ual.es Direcci\u00f3n de contacto: CEMyRI, Edificio de Servicios T\u00e9cnicos, Seg. Planta, Desp. 02.12.0, Universidad de Almer\u00eda Curr\u00edculum https:\/\/scholar.google.es\/citations?user=-4JdelQAAAAJ&amp;hl=es https:\/\/www.researchgate.net\/profile\/Encarnacion-Ayala-2 \u00a0https:\/\/dialnet.unirioja.es\/servlet\/autor?codigo=116737 http:\/\/brujula.ual.es\/authors\/943.html?pageType=article&amp;sortBy=journalAsc&amp;title=&amp;yearFrom=&amp;yearUntil=&amp;publicationJournal=<\/p>\n","protected":false},"author":1,"featured_media":0,"parent":27355,"menu_order":0,"comment_status":"closed","ping_status":"closed","template":"","meta":{"footnotes":""},"class_list":["post-27458","page","type-page","status-publish","hentry"],"_links":{"self":[{"href":"https:\/\/cemyri.es\/es\/wp-json\/wp\/v2\/pages\/27458","targetHints":{"allow":["GET"]}}],"collection":[{"href":"https:\/\/cemyri.es\/es\/wp-json\/wp\/v2\/pages"}],"about":[{"href":"https:\/\/cemyri.es\/es\/wp-json\/wp\/v2\/types\/page"}],"author":[{"embeddable":true,"href":"https:\/\/cemyri.es\/es\/wp-json\/wp\/v2\/users\/1"}],"replies":[{"embeddable":true,"href":"https:\/\/cemyri.es\/es\/wp-json\/wp\/v2\/comments?post=27458"}],"version-history":[{"count":1,"href":"https:\/\/cemyri.es\/es\/wp-json\/wp\/v2\/pages\/27458\/revisions"}],"predecessor-version":[{"id":27460,"href":"https:\/\/cemyri.es\/es\/wp-json\/wp\/v2\/pages\/27458\/revisions\/27460"}],"up":[{"embeddable":true,"href":"https:\/\/cemyri.es\/es\/wp-json\/wp\/v2\/pages\/27355"}],"wp:attachment":[{"href":"https:\/\/cemyri.es\/es\/wp-json\/wp\/v2\/media?parent=27458"}],"curies":[{"name":"wp","href":"https:\/\/api.w.org\/{rel}","templated":true}]}}