{"id":27461,"date":"2022-10-13T11:23:36","date_gmt":"2022-10-13T11:23:36","guid":{"rendered":"https:\/\/cemyri.es\/es\/?page_id=27461"},"modified":"2022-10-13T11:23:37","modified_gmt":"2022-10-13T11:23:37","slug":"ana-urbiola-vega","status":"publish","type":"page","link":"https:\/\/cemyri.es\/es\/profesores-titulares\/ana-urbiola-vega\/","title":{"rendered":"Ana Urbiola Vega"},"content":{"rendered":"\n<p><strong>Departamento: <\/strong>Psicolog\u00eda<\/p>\n\n\n\n<p><strong>\u00c1rea de conocimiento: <\/strong>Psicolog\u00eda Social<\/p>\n\n\n\n<p><strong>Universidad: <\/strong>Almer\u00eda<\/p>\n\n\n\n<p><strong>L\u00edneas de Investigaci\u00f3n: <\/strong>Multiculturalismo, procesos de prejuicio y discriminaci\u00f3n, aculturaci\u00f3n, gitanos, prejuicio \u00e9tnico y de clase social, migraci\u00f3n y personas refugiadas<\/p>\n\n\n\n<p><strong>Grupo de Investigaci\u00f3n: <\/strong>HUM289<\/p>\n\n\n\n<p><strong>Correo Electr\u00f3nico: <\/strong><a href=\"mailto:aurbiola@ual.es\">aurbiola@ual.es<\/a><\/p>\n\n\n\n<p><strong>Direcci\u00f3n de contacto: <\/strong>Despacho 2.300, segunda planta, en el edificio de Humanidades C.<\/p>\n\n\n\n<p><strong>Curr\u00edculum <\/strong><\/p>\n\n\n\n<p><a href=\"https:\/\/orcid.org\/0000-0001-7967-9949\">https:\/\/orcid.org\/0000-0001-7967-9949<\/a><\/p>\n","protected":false},"excerpt":{"rendered":"<p>Departamento: Psicolog\u00eda \u00c1rea de conocimiento: Psicolog\u00eda Social Universidad: Almer\u00eda L\u00edneas de Investigaci\u00f3n: Multiculturalismo, procesos de prejuicio y discriminaci\u00f3n, aculturaci\u00f3n, gitanos, prejuicio \u00e9tnico y de clase social, migraci\u00f3n y personas refugiadas Grupo de Investigaci\u00f3n: HUM289 Correo Electr\u00f3nico: aurbiola@ual.es Direcci\u00f3n de contacto: Despacho 2.300, segunda planta, en el edificio de Humanidades C. Curr\u00edculum https:\/\/orcid.org\/0000-0001-7967-9949<\/p>\n","protected":false},"author":1,"featured_media":0,"parent":27355,"menu_order":0,"comment_status":"closed","ping_status":"closed","template":"","meta":{"footnotes":""},"class_list":["post-27461","page","type-page","status-publish","hentry"],"_links":{"self":[{"href":"https:\/\/cemyri.es\/es\/wp-json\/wp\/v2\/pages\/27461","targetHints":{"allow":["GET"]}}],"collection":[{"href":"https:\/\/cemyri.es\/es\/wp-json\/wp\/v2\/pages"}],"about":[{"href":"https:\/\/cemyri.es\/es\/wp-json\/wp\/v2\/types\/page"}],"author":[{"embeddable":true,"href":"https:\/\/cemyri.es\/es\/wp-json\/wp\/v2\/users\/1"}],"replies":[{"embeddable":true,"href":"https:\/\/cemyri.es\/es\/wp-json\/wp\/v2\/comments?post=27461"}],"version-history":[{"count":1,"href":"https:\/\/cemyri.es\/es\/wp-json\/wp\/v2\/pages\/27461\/revisions"}],"predecessor-version":[{"id":27463,"href":"https:\/\/cemyri.es\/es\/wp-json\/wp\/v2\/pages\/27461\/revisions\/27463"}],"up":[{"embeddable":true,"href":"https:\/\/cemyri.es\/es\/wp-json\/wp\/v2\/pages\/27355"}],"wp:attachment":[{"href":"https:\/\/cemyri.es\/es\/wp-json\/wp\/v2\/media?parent=27461"}],"curies":[{"name":"wp","href":"https:\/\/api.w.org\/{rel}","templated":true}]}}