{"id":27464,"date":"2022-10-13T11:24:29","date_gmt":"2022-10-13T11:24:29","guid":{"rendered":"https:\/\/cemyri.es\/es\/?page_id=27464"},"modified":"2022-10-13T11:24:29","modified_gmt":"2022-10-13T11:24:29","slug":"juan-francisco-velasco-munoz","status":"publish","type":"page","link":"https:\/\/cemyri.es\/es\/profesores-titulares\/juan-francisco-velasco-munoz\/","title":{"rendered":"Juan Francisco Velasco Mu\u00f1oz"},"content":{"rendered":"\n<p><strong>Departamento: <\/strong>Econom\u00eda y Empresa<\/p>\n\n\n\n<p><strong>\u00c1rea de conocimiento: <\/strong>\u00c1rea de Econom\u00eda Aplicada<\/p>\n\n\n\n<p><strong>Universidad: <\/strong>Almer\u00eda<\/p>\n\n\n\n<p><strong>L\u00edneas de Investigaci\u00f3n: <\/strong>Desarrollo sostenible, gesti\u00f3n sostenible de recursos naturales, econom\u00eda agroalimentaria.<\/p>\n\n\n\n<p><strong>Grupo de Investigaci\u00f3n: <\/strong>Grupo de investigaci\u00f3n Econom\u00eda Ambiental y de los Recursos Naturales (SEJ579)<\/p>\n\n\n\n<p><strong>Correo Electr\u00f3nico: <\/strong><a href=\"mailto:jfvelasco@ual.es\">jfvelasco@ual.es<\/a><\/p>\n\n\n\n<p><strong>Direcci\u00f3n de contacto: <\/strong>DESPACHO 0.112, Edificio Departamental de CC.EE y Empresariales, Universidad de Almer\u00eda<\/p>\n\n\n\n<p><strong>Curr\u00edculum<\/strong><\/p>\n\n\n\n<p><a href=\"https:\/\/www.ual.es\/persona\/515256545151545783\">https:\/\/www.ual.es\/persona\/515256545151545783<\/a><\/p>\n\n\n\n<p><a href=\"https:\/\/www.researchgate.net\/profile\/Juan-Velasco-Munoz\/research\">https:\/\/www.researchgate.net\/profile\/Juan-Velasco-Munoz\/research<\/a><\/p>\n","protected":false},"excerpt":{"rendered":"<p>Departamento: Econom\u00eda y Empresa \u00c1rea de conocimiento: \u00c1rea de Econom\u00eda Aplicada Universidad: Almer\u00eda L\u00edneas de Investigaci\u00f3n: Desarrollo sostenible, gesti\u00f3n sostenible de recursos naturales, econom\u00eda agroalimentaria. Grupo de Investigaci\u00f3n: Grupo de investigaci\u00f3n Econom\u00eda Ambiental y de los Recursos Naturales (SEJ579) Correo Electr\u00f3nico: jfvelasco@ual.es Direcci\u00f3n de contacto: DESPACHO 0.112, Edificio Departamental de CC.EE y Empresariales, Universidad de&#8230;<\/p>\n","protected":false},"author":1,"featured_media":0,"parent":27355,"menu_order":0,"comment_status":"closed","ping_status":"closed","template":"","meta":{"footnotes":""},"class_list":["post-27464","page","type-page","status-publish","hentry"],"_links":{"self":[{"href":"https:\/\/cemyri.es\/es\/wp-json\/wp\/v2\/pages\/27464","targetHints":{"allow":["GET"]}}],"collection":[{"href":"https:\/\/cemyri.es\/es\/wp-json\/wp\/v2\/pages"}],"about":[{"href":"https:\/\/cemyri.es\/es\/wp-json\/wp\/v2\/types\/page"}],"author":[{"embeddable":true,"href":"https:\/\/cemyri.es\/es\/wp-json\/wp\/v2\/users\/1"}],"replies":[{"embeddable":true,"href":"https:\/\/cemyri.es\/es\/wp-json\/wp\/v2\/comments?post=27464"}],"version-history":[{"count":1,"href":"https:\/\/cemyri.es\/es\/wp-json\/wp\/v2\/pages\/27464\/revisions"}],"predecessor-version":[{"id":27465,"href":"https:\/\/cemyri.es\/es\/wp-json\/wp\/v2\/pages\/27464\/revisions\/27465"}],"up":[{"embeddable":true,"href":"https:\/\/cemyri.es\/es\/wp-json\/wp\/v2\/pages\/27355"}],"wp:attachment":[{"href":"https:\/\/cemyri.es\/es\/wp-json\/wp\/v2\/media?parent=27464"}],"curies":[{"name":"wp","href":"https:\/\/api.w.org\/{rel}","templated":true}]}}