{"id":27510,"date":"2022-10-26T09:41:46","date_gmt":"2022-10-26T09:41:46","guid":{"rendered":"https:\/\/cemyri.es\/es\/?page_id=27510"},"modified":"2023-10-26T08:54:12","modified_gmt":"2023-10-26T08:54:12","slug":"responsabilidad-social-en-la-agricultura-de-exportacion","status":"publish","type":"page","link":"https:\/\/cemyri.es\/es\/responsabilidad-social-en-la-agricultura-de-exportacion\/","title":{"rendered":"Responsabilidad social en la agricultura de exportaci\u00f3n"},"content":{"rendered":"\n<p><strong>Financiado por:<\/strong> Greenleaves-Greenlights GmbH<\/p>\n\n\n\n<p><strong>Nombre IP:<\/strong> Juan Sebasti\u00e1n Fern\u00e1ndez Prados<\/p>\n\n\n\n<p><strong>Investigadores del Departamento:<\/strong> Pablo Pumares Fern\u00e1ndez, Beatriz Gonz\u00e1lez Mart\u00edn, Juan Sebasti\u00e1n Fern\u00e1ndez Prados<\/p>\n\n\n\n<p><strong>A\u00f1o inicio:<\/strong> 1\/12\/2017 <strong>A\u00f1o fin:<\/strong> 31\/12\/2017.<\/p>\n","protected":false},"excerpt":{"rendered":"<p>Financiado por: Greenleaves-Greenlights GmbH Nombre IP: Juan Sebasti\u00e1n Fern\u00e1ndez Prados Investigadores del Departamento: Pablo Pumares Fern\u00e1ndez, Beatriz Gonz\u00e1lez Mart\u00edn, Juan Sebasti\u00e1n Fern\u00e1ndez Prados A\u00f1o inicio: 1\/12\/2017 A\u00f1o fin: 31\/12\/2017.<\/p>\n","protected":false},"author":1,"featured_media":28001,"parent":0,"menu_order":0,"comment_status":"closed","ping_status":"closed","template":"","meta":{"footnotes":""},"class_list":["post-27510","page","type-page","status-publish","has-post-thumbnail","hentry"],"_links":{"self":[{"href":"https:\/\/cemyri.es\/es\/wp-json\/wp\/v2\/pages\/27510","targetHints":{"allow":["GET"]}}],"collection":[{"href":"https:\/\/cemyri.es\/es\/wp-json\/wp\/v2\/pages"}],"about":[{"href":"https:\/\/cemyri.es\/es\/wp-json\/wp\/v2\/types\/page"}],"author":[{"embeddable":true,"href":"https:\/\/cemyri.es\/es\/wp-json\/wp\/v2\/users\/1"}],"replies":[{"embeddable":true,"href":"https:\/\/cemyri.es\/es\/wp-json\/wp\/v2\/comments?post=27510"}],"version-history":[{"count":3,"href":"https:\/\/cemyri.es\/es\/wp-json\/wp\/v2\/pages\/27510\/revisions"}],"predecessor-version":[{"id":28003,"href":"https:\/\/cemyri.es\/es\/wp-json\/wp\/v2\/pages\/27510\/revisions\/28003"}],"wp:featuredmedia":[{"embeddable":true,"href":"https:\/\/cemyri.es\/es\/wp-json\/wp\/v2\/media\/28001"}],"wp:attachment":[{"href":"https:\/\/cemyri.es\/es\/wp-json\/wp\/v2\/media?parent=27510"}],"curies":[{"name":"wp","href":"https:\/\/api.w.org\/{rel}","templated":true}]}}