{"id":27516,"date":"2022-10-26T12:01:46","date_gmt":"2022-10-26T12:01:46","guid":{"rendered":"https:\/\/cemyri.es\/es\/?page_id=27516"},"modified":"2022-10-26T12:01:46","modified_gmt":"2022-10-26T12:01:46","slug":"daniela-herrera-rubalcaba","status":"publish","type":"page","link":"https:\/\/cemyri.es\/es\/tesis-doctorales\/daniela-herrera-rubalcaba\/","title":{"rendered":"Daniela Herrera Rubalcaba"},"content":{"rendered":"\n<p><strong>Nombre de la tesis:\u00a0<\/strong>\u00a0<\/p>\n\n\n\n<p>TRAYECTORIAS MIGRATORIAS ENTRE ESPA\u00d1A Y ARGENTINA: (IN)MOVILIDADES, (NO)RETORNO Y (RE)EMIGRACI\u00d3N.<\/p>\n\n\n\n<p><br><strong>Grupo de Investigaci\u00f3n:<\/strong>\u00a0Laboratorio de Antropolog\u00eda Social y Cultural (LASC)<\/p>\n\n\n\n<p><strong>Fecha de lectura:<\/strong>&nbsp;21\/03\/2022<\/p>\n\n\n\n<p><strong>Director\/a:&nbsp;<\/strong>ARJONA GARRIDO, \u00c1NGELES (DIRECTOR);&nbsp;JIM\u00c9NEZ ZUNINO, CECILIA IN\u00c9S (CODIRECTOR)<\/p>\n\n\n\n<p><strong>Calificaci\u00f3n:<\/strong>&nbsp;Sobresaliente \u00abCum Laude\u00bb&nbsp;<\/p>\n\n\n\n<p><strong>Menci\u00f3n Internacional:<\/strong>&nbsp;Concedido.&nbsp;<\/p>\n\n\n\n<p><strong>Departamento:<\/strong>&nbsp;Geograf\u00eda, Historia y humanidades<\/p>\n\n\n\n<p><strong>Facultad:<\/strong>&nbsp;Humanidades<\/p>\n\n\n\n<p><strong>Universidad:<\/strong>&nbsp;Almer\u00eda<\/p>\n\n\n\n<p><strong>Correo Electr\u00f3nico:\u00a0<\/strong><a href=\"mailto:dhr590@ual.es\">dhr590@ual.es<\/a><\/p>\n\n\n\n<p><a href=\"https:\/\/www.educacion.gob.es\/teseo\/mostrarSeleccion.do\"><strong>Enlace a web<\/strong><\/a><\/p>\n","protected":false},"excerpt":{"rendered":"<p>Nombre de la tesis:\u00a0\u00a0 TRAYECTORIAS MIGRATORIAS ENTRE ESPA\u00d1A Y ARGENTINA: (IN)MOVILIDADES, (NO)RETORNO Y (RE)EMIGRACI\u00d3N. Grupo de Investigaci\u00f3n:\u00a0Laboratorio de Antropolog\u00eda Social y Cultural (LASC) Fecha de lectura:&nbsp;21\/03\/2022 Director\/a:&nbsp;ARJONA GARRIDO, \u00c1NGELES (DIRECTOR);&nbsp;JIM\u00c9NEZ ZUNINO, CECILIA IN\u00c9S (CODIRECTOR) Calificaci\u00f3n:&nbsp;Sobresaliente \u00abCum Laude\u00bb&nbsp; Menci\u00f3n Internacional:&nbsp;Concedido.&nbsp; Departamento:&nbsp;Geograf\u00eda, Historia y humanidades Facultad:&nbsp;Humanidades Universidad:&nbsp;Almer\u00eda Correo Electr\u00f3nico:\u00a0dhr590@ual.es Enlace a web<\/p>\n","protected":false},"author":1,"featured_media":0,"parent":24425,"menu_order":0,"comment_status":"closed","ping_status":"closed","template":"","meta":{"footnotes":""},"class_list":["post-27516","page","type-page","status-publish","hentry"],"_links":{"self":[{"href":"https:\/\/cemyri.es\/es\/wp-json\/wp\/v2\/pages\/27516","targetHints":{"allow":["GET"]}}],"collection":[{"href":"https:\/\/cemyri.es\/es\/wp-json\/wp\/v2\/pages"}],"about":[{"href":"https:\/\/cemyri.es\/es\/wp-json\/wp\/v2\/types\/page"}],"author":[{"embeddable":true,"href":"https:\/\/cemyri.es\/es\/wp-json\/wp\/v2\/users\/1"}],"replies":[{"embeddable":true,"href":"https:\/\/cemyri.es\/es\/wp-json\/wp\/v2\/comments?post=27516"}],"version-history":[{"count":1,"href":"https:\/\/cemyri.es\/es\/wp-json\/wp\/v2\/pages\/27516\/revisions"}],"predecessor-version":[{"id":27518,"href":"https:\/\/cemyri.es\/es\/wp-json\/wp\/v2\/pages\/27516\/revisions\/27518"}],"up":[{"embeddable":true,"href":"https:\/\/cemyri.es\/es\/wp-json\/wp\/v2\/pages\/24425"}],"wp:attachment":[{"href":"https:\/\/cemyri.es\/es\/wp-json\/wp\/v2\/media?parent=27516"}],"curies":[{"name":"wp","href":"https:\/\/api.w.org\/{rel}","templated":true}]}}