{"id":27520,"date":"2022-10-26T12:04:45","date_gmt":"2022-10-26T12:04:45","guid":{"rendered":"https:\/\/cemyri.es\/es\/?page_id=27520"},"modified":"2023-04-18T17:30:17","modified_gmt":"2023-04-18T17:30:17","slug":"daniela-herrera-rubalcaba","status":"publish","type":"page","link":"https:\/\/cemyri.es\/es\/doctores-colaboradores\/daniela-herrera-rubalcaba\/","title":{"rendered":"Daniela Herrera Rubalcaba"},"content":{"rendered":"\n<p><strong>Doctorado:<\/strong>&nbsp;Doctorado en Ciencias Humanas y Sociales<\/p>\n\n\n\n<p><strong>T\u00edtulo de la tesis:&nbsp;<\/strong>Trayectorias Migratorias entre Espa\u00f1a y Argentina: (In)Movilidades, (No)Retorno y (Re)emigraci\u00f3n.<\/p>\n\n\n\n<p><strong>L\u00edneas de Investigaci\u00f3n:<\/strong>&nbsp;Transnacionalismo, (In)movilidad, argentinos, retorno, reemigraciones, no retorno.<\/p>\n\n\n\n<p><strong>Grupo de Investigaci\u00f3n:<\/strong>&nbsp;Laboratorio de Antropolog\u00eda Social y Cultural, Universidad de Almer\u00eda<\/p>\n\n\n\n<p><strong>Status:<\/strong>&nbsp;Personal Investigador<\/p>\n\n\n\n<p><strong>Correo Electr\u00f3nico:<\/strong>&nbsp;<a href=\"mailto:dhr590@ual.es\">dhr590@ual.es<\/a><\/p>\n\n\n\n<p><strong>Direcci\u00f3n de contacto:<\/strong>&nbsp;Edificio CITE V.<\/p>\n\n\n\n<p class=\"has-medium-font-size\"><strong><a href=\"https:\/\/orcid.org\/0000-0002-9638-957X\" target=\"_blank\" rel=\"noreferrer noopener\">Curr\u00edculum<\/a><\/strong><\/p>\n","protected":false},"excerpt":{"rendered":"<p>Doctorado:&nbsp;Doctorado en Ciencias Humanas y Sociales T\u00edtulo de la tesis:&nbsp;Trayectorias Migratorias entre Espa\u00f1a y Argentina: (In)Movilidades, (No)Retorno y (Re)emigraci\u00f3n. L\u00edneas de Investigaci\u00f3n:&nbsp;Transnacionalismo, (In)movilidad, argentinos, retorno, reemigraciones, no retorno. Grupo de Investigaci\u00f3n:&nbsp;Laboratorio de Antropolog\u00eda Social y Cultural, Universidad de Almer\u00eda Status:&nbsp;Personal Investigador Correo Electr\u00f3nico:&nbsp;dhr590@ual.es Direcci\u00f3n de contacto:&nbsp;Edificio CITE V. Curr\u00edculum<\/p>\n","protected":false},"author":1,"featured_media":0,"parent":34,"menu_order":0,"comment_status":"closed","ping_status":"closed","template":"","meta":{"footnotes":""},"class_list":["post-27520","page","type-page","status-publish","hentry"],"_links":{"self":[{"href":"https:\/\/cemyri.es\/es\/wp-json\/wp\/v2\/pages\/27520","targetHints":{"allow":["GET"]}}],"collection":[{"href":"https:\/\/cemyri.es\/es\/wp-json\/wp\/v2\/pages"}],"about":[{"href":"https:\/\/cemyri.es\/es\/wp-json\/wp\/v2\/types\/page"}],"author":[{"embeddable":true,"href":"https:\/\/cemyri.es\/es\/wp-json\/wp\/v2\/users\/1"}],"replies":[{"embeddable":true,"href":"https:\/\/cemyri.es\/es\/wp-json\/wp\/v2\/comments?post=27520"}],"version-history":[{"count":2,"href":"https:\/\/cemyri.es\/es\/wp-json\/wp\/v2\/pages\/27520\/revisions"}],"predecessor-version":[{"id":27683,"href":"https:\/\/cemyri.es\/es\/wp-json\/wp\/v2\/pages\/27520\/revisions\/27683"}],"up":[{"embeddable":true,"href":"https:\/\/cemyri.es\/es\/wp-json\/wp\/v2\/pages\/34"}],"wp:attachment":[{"href":"https:\/\/cemyri.es\/es\/wp-json\/wp\/v2\/media?parent=27520"}],"curies":[{"name":"wp","href":"https:\/\/api.w.org\/{rel}","templated":true}]}}