{"id":27582,"date":"2022-12-09T13:00:22","date_gmt":"2022-12-09T13:00:22","guid":{"rendered":"https:\/\/cemyri.es\/es\/?page_id=27582"},"modified":"2023-07-25T18:13:10","modified_gmt":"2023-07-25T18:13:10","slug":"raquel-latorre-martinez","status":"publish","type":"page","link":"https:\/\/cemyri.es\/es\/colaboradores\/raquel-latorre-martinez\/","title":{"rendered":"Raquel Latorre Mart\u00ednez"},"content":{"rendered":"\n<p><strong>Grado<\/strong>: Graduada en Sociolog\u00eda<\/p>\n\n\n\n<p><strong>M\u00e1ster<\/strong>: M\u00e1ster en Ciencias de la Sexolog\u00eda<\/p>\n\n\n\n<p><strong>Universidad<\/strong>: Universidad de Almer\u00eda<\/p>\n\n\n\n<p><strong>Departamento<\/strong>: Geograf\u00eda, Historia y Humanidades\/\u00c1rea de Sociolog\u00eda<\/p>\n\n\n\n<p><strong>Facultad<\/strong>: Departamento de Humanidades y Ciencias de la Educaci\u00f3n II<\/p>\n\n\n\n<p><strong>L\u00ednea de investigaci\u00f3n<\/strong>:<\/p>\n\n\n\n<p>\u2022 Las del grupo de investigaci\u00f3n SEJ419: Sociolog\u00eda aplicada, Nacionalismo,<\/p>\n\n\n\n<p>Inmigraci\u00f3n, Asociacionismo, Organizaciones, Ocio.<\/p>\n\n\n\n<p>\u2022 Las propias: cuidados, diversidad funcional, g\u00e9nero, interseccionalidad,<\/p>\n\n\n\n<p>sexualidades.<\/p>\n\n\n\n<p><strong>Grupo de investigaci\u00f3n<\/strong>: CEMyRI \/ Grupo Indalo de Sociolog\u00eda Aplicada (SEJ419)<\/p>\n\n\n\n<p><strong>Status<\/strong>: Contratada predoctoral en formaci\u00f3n (FPU)<\/p>\n\n\n\n<p><strong>Correo electr\u00f3nico<\/strong>: <a href=\"mailto:rlm044@ual.es\" target=\"_blank\" rel=\"noreferrer noopener\">rlm044@ual.es<\/a><\/p>\n\n\n\n<p><strong>Tel\u00e9fono<\/strong>: 622917416<\/p>\n\n\n\n<p><strong>Enlace al curriculum vitae<\/strong> (Formato Linked-in, ORCID, Research Gate):<\/p>\n\n\n\n<p><a href=\"https:\/\/www.researchgate.net\/profile\/Raquel-Latorre\" target=\"_blank\" rel=\"noreferrer noopener\">https:\/\/www.researchgate.net\/profile\/Raquel-Latorre<\/a><\/p>\n","protected":false},"excerpt":{"rendered":"<p>Grado: Graduada en Sociolog\u00eda M\u00e1ster: M\u00e1ster en Ciencias de la Sexolog\u00eda Universidad: Universidad de Almer\u00eda Departamento: Geograf\u00eda, Historia y Humanidades\/\u00c1rea de Sociolog\u00eda Facultad: Departamento de Humanidades y Ciencias de la Educaci\u00f3n II L\u00ednea de investigaci\u00f3n: \u2022 Las del grupo de investigaci\u00f3n SEJ419: Sociolog\u00eda aplicada, Nacionalismo, Inmigraci\u00f3n, Asociacionismo, Organizaciones, Ocio. \u2022 Las propias: cuidados, diversidad funcional,&#8230;<\/p>\n","protected":false},"author":1,"featured_media":27583,"parent":35,"menu_order":0,"comment_status":"closed","ping_status":"closed","template":"","meta":{"footnotes":""},"class_list":["post-27582","page","type-page","status-publish","has-post-thumbnail","hentry"],"_links":{"self":[{"href":"https:\/\/cemyri.es\/es\/wp-json\/wp\/v2\/pages\/27582","targetHints":{"allow":["GET"]}}],"collection":[{"href":"https:\/\/cemyri.es\/es\/wp-json\/wp\/v2\/pages"}],"about":[{"href":"https:\/\/cemyri.es\/es\/wp-json\/wp\/v2\/types\/page"}],"author":[{"embeddable":true,"href":"https:\/\/cemyri.es\/es\/wp-json\/wp\/v2\/users\/1"}],"replies":[{"embeddable":true,"href":"https:\/\/cemyri.es\/es\/wp-json\/wp\/v2\/comments?post=27582"}],"version-history":[{"count":2,"href":"https:\/\/cemyri.es\/es\/wp-json\/wp\/v2\/pages\/27582\/revisions"}],"predecessor-version":[{"id":27777,"href":"https:\/\/cemyri.es\/es\/wp-json\/wp\/v2\/pages\/27582\/revisions\/27777"}],"up":[{"embeddable":true,"href":"https:\/\/cemyri.es\/es\/wp-json\/wp\/v2\/pages\/35"}],"wp:featuredmedia":[{"embeddable":true,"href":"https:\/\/cemyri.es\/es\/wp-json\/wp\/v2\/media\/27583"}],"wp:attachment":[{"href":"https:\/\/cemyri.es\/es\/wp-json\/wp\/v2\/media?parent=27582"}],"curies":[{"name":"wp","href":"https:\/\/api.w.org\/{rel}","templated":true}]}}