{"id":27586,"date":"2022-12-09T13:03:55","date_gmt":"2022-12-09T13:03:55","guid":{"rendered":"https:\/\/cemyri.es\/es\/?page_id=27586"},"modified":"2023-07-25T18:11:28","modified_gmt":"2023-07-25T18:11:28","slug":"cristina-carmona-lopez","status":"publish","type":"page","link":"https:\/\/cemyri.es\/es\/colaboradores\/cristina-carmona-lopez\/","title":{"rendered":"Cristina Carmona L\u00f3pez"},"content":{"rendered":"\n<p><strong>Universidad<\/strong>: Universidad de Almer\u00eda<\/p>\n\n\n\n<p><strong>L\u00ednea de investigaci\u00f3n<\/strong>:<\/p>\n\n\n\n<p>\u2022 Migraciones, gitanos, multiculturalismo, procesos de prejuicio y discriminaci\u00f3n.<\/p>\n\n\n\n<p><strong>Grupo de investigaci\u00f3n<\/strong>: CEMyRI<\/p>\n\n\n\n<p><strong>Status<\/strong>: Alumna de doctorado<\/p>\n\n\n\n<p><strong>Correo electr\u00f3nico<\/strong>: <a href=\"mailto:ccl319@inlumine.ual.es\" target=\"_blank\" rel=\"noreferrer noopener\">ccl319@inlumine.ual.es<\/a><\/p>\n\n\n\n<p><strong>Tel\u00e9fono<\/strong>: 608545391<\/p>\n\n\n\n<p><strong>Enlace al curriculum vitae<\/strong> (Formato Linked-in, ORCID, Research Gate)<\/p>\n\n\n\n<p><a href=\"https:\/\/orcid.org\/0000-0001-9514-2324\" target=\"_blank\" rel=\"noreferrer noopener\">https:\/\/orcid.org\/0000-0001-9514-2324<\/a><\/p>\n","protected":false},"excerpt":{"rendered":"<p>Universidad: Universidad de Almer\u00eda L\u00ednea de investigaci\u00f3n: \u2022 Migraciones, gitanos, multiculturalismo, procesos de prejuicio y discriminaci\u00f3n. Grupo de investigaci\u00f3n: CEMyRI Status: Alumna de doctorado Correo electr\u00f3nico: ccl319@inlumine.ual.es Tel\u00e9fono: 608545391 Enlace al curriculum vitae (Formato Linked-in, ORCID, Research Gate) https:\/\/orcid.org\/0000-0001-9514-2324<\/p>\n","protected":false},"author":1,"featured_media":27587,"parent":35,"menu_order":0,"comment_status":"closed","ping_status":"closed","template":"","meta":{"footnotes":""},"class_list":["post-27586","page","type-page","status-publish","has-post-thumbnail","hentry"],"_links":{"self":[{"href":"https:\/\/cemyri.es\/es\/wp-json\/wp\/v2\/pages\/27586","targetHints":{"allow":["GET"]}}],"collection":[{"href":"https:\/\/cemyri.es\/es\/wp-json\/wp\/v2\/pages"}],"about":[{"href":"https:\/\/cemyri.es\/es\/wp-json\/wp\/v2\/types\/page"}],"author":[{"embeddable":true,"href":"https:\/\/cemyri.es\/es\/wp-json\/wp\/v2\/users\/1"}],"replies":[{"embeddable":true,"href":"https:\/\/cemyri.es\/es\/wp-json\/wp\/v2\/comments?post=27586"}],"version-history":[{"count":2,"href":"https:\/\/cemyri.es\/es\/wp-json\/wp\/v2\/pages\/27586\/revisions"}],"predecessor-version":[{"id":27773,"href":"https:\/\/cemyri.es\/es\/wp-json\/wp\/v2\/pages\/27586\/revisions\/27773"}],"up":[{"embeddable":true,"href":"https:\/\/cemyri.es\/es\/wp-json\/wp\/v2\/pages\/35"}],"wp:featuredmedia":[{"embeddable":true,"href":"https:\/\/cemyri.es\/es\/wp-json\/wp\/v2\/media\/27587"}],"wp:attachment":[{"href":"https:\/\/cemyri.es\/es\/wp-json\/wp\/v2\/media?parent=27586"}],"curies":[{"name":"wp","href":"https:\/\/api.w.org\/{rel}","templated":true}]}}