{"id":27676,"date":"2023-04-18T17:25:43","date_gmt":"2023-04-18T17:25:43","guid":{"rendered":"https:\/\/cemyri.es\/es\/?page_id=27676"},"modified":"2023-07-25T18:22:12","modified_gmt":"2023-07-25T18:22:12","slug":"ma-jose-torres-haro","status":"publish","type":"page","link":"https:\/\/cemyri.es\/es\/doctores-colaboradores\/ma-jose-torres-haro\/","title":{"rendered":"M\u00aa Jos\u00e9 Torres Haro"},"content":{"rendered":"\n<p><strong>Doctorado<\/strong>: Doctorado en Ciencias Humanas y Sociales<\/p>\n\n\n\n<p><strong>T\u00edtulo de la tesis<\/strong>: Edadismo y g\u00e9nero en el mercado laboral. Visibilizando el des\u00e1nimo.<\/p>\n\n\n\n<p><strong>Departamento<\/strong>: Sociolog\u00eda<\/p>\n\n\n\n<p><strong>Facultad<\/strong>: Humanidades<\/p>\n\n\n\n<p><strong>Universidad<\/strong>: Universidad de Almer\u00eda<\/p>\n\n\n\n<p><strong>L\u00ednea de investigaci\u00f3n<\/strong>: Sociedad Migraciones y Desarrollo<\/p>\n\n\n\n<p><strong>Miembro del grupo de investigaci\u00f3n<\/strong>: SEJ-419 &#8211; Grupo Indalo de Sociolog\u00eda aplicada<\/p>\n\n\n\n<p><strong>Correo electr\u00f3nico<\/strong>: <a href=\"mailto:mth748@ual.es\">mth748@ual.es<\/a><\/p>\n\n\n\n<p class=\"has-medium-font-size\"><a href=\"https:\/\/orcid.org\/0000-0001-8442-0624#:~:text=https:\/\/orcid.org,0001-8442-0624\" target=\"_blank\" rel=\"noreferrer noopener\"><strong>Curr\u00edculum<\/strong><\/a><\/p>\n","protected":false},"excerpt":{"rendered":"<p>Doctorado: Doctorado en Ciencias Humanas y Sociales T\u00edtulo de la tesis: Edadismo y g\u00e9nero en el mercado laboral. Visibilizando el des\u00e1nimo. Departamento: Sociolog\u00eda Facultad: Humanidades Universidad: Universidad de Almer\u00eda L\u00ednea de investigaci\u00f3n: Sociedad Migraciones y Desarrollo Miembro del grupo de investigaci\u00f3n: SEJ-419 &#8211; Grupo Indalo de Sociolog\u00eda aplicada Correo electr\u00f3nico: mth748@ual.es Curr\u00edculum<\/p>\n","protected":false},"author":1,"featured_media":0,"parent":34,"menu_order":0,"comment_status":"closed","ping_status":"closed","template":"","meta":{"footnotes":""},"class_list":["post-27676","page","type-page","status-publish","hentry"],"_links":{"self":[{"href":"https:\/\/cemyri.es\/es\/wp-json\/wp\/v2\/pages\/27676","targetHints":{"allow":["GET"]}}],"collection":[{"href":"https:\/\/cemyri.es\/es\/wp-json\/wp\/v2\/pages"}],"about":[{"href":"https:\/\/cemyri.es\/es\/wp-json\/wp\/v2\/types\/page"}],"author":[{"embeddable":true,"href":"https:\/\/cemyri.es\/es\/wp-json\/wp\/v2\/users\/1"}],"replies":[{"embeddable":true,"href":"https:\/\/cemyri.es\/es\/wp-json\/wp\/v2\/comments?post=27676"}],"version-history":[{"count":5,"href":"https:\/\/cemyri.es\/es\/wp-json\/wp\/v2\/pages\/27676\/revisions"}],"predecessor-version":[{"id":27801,"href":"https:\/\/cemyri.es\/es\/wp-json\/wp\/v2\/pages\/27676\/revisions\/27801"}],"up":[{"embeddable":true,"href":"https:\/\/cemyri.es\/es\/wp-json\/wp\/v2\/pages\/34"}],"wp:attachment":[{"href":"https:\/\/cemyri.es\/es\/wp-json\/wp\/v2\/media?parent=27676"}],"curies":[{"name":"wp","href":"https:\/\/api.w.org\/{rel}","templated":true}]}}