{"id":28207,"date":"2025-09-10T11:44:54","date_gmt":"2025-09-10T11:44:54","guid":{"rendered":"https:\/\/cemyri.es\/es\/?page_id=28207"},"modified":"2025-09-10T11:44:54","modified_gmt":"2025-09-10T11:44:54","slug":"francisco-oscar-checa-fernandez","status":"publish","type":"page","link":"https:\/\/cemyri.es\/es\/doctores-colaboradores\/francisco-oscar-checa-fernandez\/","title":{"rendered":"Francisco \u00d3scar Checa Fern\u00e1ndez"},"content":{"rendered":"\n<p><strong>Titulaci\u00f3n<\/strong>: Traducci\u00f3n e Interpretaci\u00f3n<\/p>\n\n\n\n<p>D<strong>octorado<\/strong>: Lenguas, Textos y Contextos (Universidad de Granada)<\/p>\n\n\n\n<p><strong>Universidad<\/strong>: Almer\u00eda<\/p>\n\n\n\n<p><strong>L\u00edneas de investigaci\u00f3n<\/strong>: Etnograf\u00eda de la comunicaci\u00f3n, socioling\u00fc\u00edstica, An\u00e1lisis del<\/p>\n\n\n\n<p>Discurso<\/p>\n\n\n\n<p><strong>Miembro del Grupo de investigaci\u00f3n<\/strong>: LASC (SICA: HUM 472) <\/p>\n\n\n\n<p><strong>Email de contacto<\/strong>: <a href=\"mailto:francheca@gmail.com\">francheca@gmail.com<\/a><\/p>\n\n\n\n<p><\/p>\n","protected":false},"excerpt":{"rendered":"<p>Titulaci\u00f3n: Traducci\u00f3n e Interpretaci\u00f3n Doctorado: Lenguas, Textos y Contextos (Universidad de Granada) Universidad: Almer\u00eda L\u00edneas de investigaci\u00f3n: Etnograf\u00eda de la comunicaci\u00f3n, socioling\u00fc\u00edstica, An\u00e1lisis del Discurso Miembro del Grupo de investigaci\u00f3n: LASC (SICA: HUM 472) Email de contacto: francheca@gmail.com<\/p>\n","protected":false},"author":1,"featured_media":0,"parent":34,"menu_order":0,"comment_status":"closed","ping_status":"closed","template":"","meta":{"footnotes":""},"class_list":["post-28207","page","type-page","status-publish","hentry"],"_links":{"self":[{"href":"https:\/\/cemyri.es\/es\/wp-json\/wp\/v2\/pages\/28207","targetHints":{"allow":["GET"]}}],"collection":[{"href":"https:\/\/cemyri.es\/es\/wp-json\/wp\/v2\/pages"}],"about":[{"href":"https:\/\/cemyri.es\/es\/wp-json\/wp\/v2\/types\/page"}],"author":[{"embeddable":true,"href":"https:\/\/cemyri.es\/es\/wp-json\/wp\/v2\/users\/1"}],"replies":[{"embeddable":true,"href":"https:\/\/cemyri.es\/es\/wp-json\/wp\/v2\/comments?post=28207"}],"version-history":[{"count":1,"href":"https:\/\/cemyri.es\/es\/wp-json\/wp\/v2\/pages\/28207\/revisions"}],"predecessor-version":[{"id":28208,"href":"https:\/\/cemyri.es\/es\/wp-json\/wp\/v2\/pages\/28207\/revisions\/28208"}],"up":[{"embeddable":true,"href":"https:\/\/cemyri.es\/es\/wp-json\/wp\/v2\/pages\/34"}],"wp:attachment":[{"href":"https:\/\/cemyri.es\/es\/wp-json\/wp\/v2\/media?parent=28207"}],"curies":[{"name":"wp","href":"https:\/\/api.w.org\/{rel}","templated":true}]}}