{"id":28210,"date":"2025-09-10T11:48:08","date_gmt":"2025-09-10T11:48:08","guid":{"rendered":"https:\/\/cemyri.es\/es\/?page_id=28210"},"modified":"2025-09-10T11:51:08","modified_gmt":"2025-09-10T11:51:08","slug":"fouzia-harroud","status":"publish","type":"page","link":"https:\/\/cemyri.es\/es\/doctores-colaboradores\/fouzia-harroud\/","title":{"rendered":"Fouzia Harroud"},"content":{"rendered":"\n<p><strong>Doctorado<\/strong>: Derecho P\u00fablico y Relaciones Internacionales<\/p>\n\n\n\n<p><strong>Universidad<\/strong>: Mohammed Primero, Oujda-Marruecos. Facultad de ciencias jur\u00eddicas, econ\u00f3micas y sociales.<\/p>\n\n\n\n<p><strong>L\u00edneas de investigaci\u00f3n<\/strong>: Derecho p\u00fablico y relaciones internacionales<\/p>\n\n\n\n<p><strong>Miembro del Grupo de investigaci\u00f3n<\/strong>: Laboratorio de estudios e investigaciones jur\u00eddicas,<\/p>\n\n\n\n<p>administrativas y pol\u00edticas. <\/p>\n\n\n\n<p>E<strong>mail de contacto<\/strong>:\u00a0 <a href=\"mailto:fouziaharroud9@gmail.com\">fouziaharroud9@gmail.com<\/a><\/p>\n\n\n\n<p><\/p>\n","protected":false},"excerpt":{"rendered":"<p>Doctorado: Derecho P\u00fablico y Relaciones Internacionales Universidad: Mohammed Primero, Oujda-Marruecos. Facultad de ciencias jur\u00eddicas, econ\u00f3micas y sociales. L\u00edneas de investigaci\u00f3n: Derecho p\u00fablico y relaciones internacionales Miembro del Grupo de investigaci\u00f3n: Laboratorio de estudios e investigaciones jur\u00eddicas, administrativas y pol\u00edticas. Email de contacto:\u00a0 fouziaharroud9@gmail.com<\/p>\n","protected":false},"author":1,"featured_media":28216,"parent":34,"menu_order":0,"comment_status":"closed","ping_status":"closed","template":"","meta":{"footnotes":""},"class_list":["post-28210","page","type-page","status-publish","has-post-thumbnail","hentry"],"_links":{"self":[{"href":"https:\/\/cemyri.es\/es\/wp-json\/wp\/v2\/pages\/28210","targetHints":{"allow":["GET"]}}],"collection":[{"href":"https:\/\/cemyri.es\/es\/wp-json\/wp\/v2\/pages"}],"about":[{"href":"https:\/\/cemyri.es\/es\/wp-json\/wp\/v2\/types\/page"}],"author":[{"embeddable":true,"href":"https:\/\/cemyri.es\/es\/wp-json\/wp\/v2\/users\/1"}],"replies":[{"embeddable":true,"href":"https:\/\/cemyri.es\/es\/wp-json\/wp\/v2\/comments?post=28210"}],"version-history":[{"count":2,"href":"https:\/\/cemyri.es\/es\/wp-json\/wp\/v2\/pages\/28210\/revisions"}],"predecessor-version":[{"id":28214,"href":"https:\/\/cemyri.es\/es\/wp-json\/wp\/v2\/pages\/28210\/revisions\/28214"}],"up":[{"embeddable":true,"href":"https:\/\/cemyri.es\/es\/wp-json\/wp\/v2\/pages\/34"}],"wp:featuredmedia":[{"embeddable":true,"href":"https:\/\/cemyri.es\/es\/wp-json\/wp\/v2\/media\/28216"}],"wp:attachment":[{"href":"https:\/\/cemyri.es\/es\/wp-json\/wp\/v2\/media?parent=28210"}],"curies":[{"name":"wp","href":"https:\/\/api.w.org\/{rel}","templated":true}]}}