{"id":28270,"date":"2025-11-05T12:23:27","date_gmt":"2025-11-05T12:23:27","guid":{"rendered":"https:\/\/cemyri.es\/es\/?page_id=28270"},"modified":"2025-11-05T12:26:03","modified_gmt":"2025-11-05T12:26:03","slug":"antonio-jose-gonzalez-jimenez","status":"publish","type":"page","link":"https:\/\/cemyri.es\/es\/investigadores-adscritos-titulares\/antonio-jose-gonzalez-jimenez\/","title":{"rendered":"Antonio Jos\u00e9 Gonz\u00e1lez-Jim\u00e9nez"},"content":{"rendered":"\n<p><strong>Profesi\u00f3n<\/strong>: Profesor Titular UAL<br><strong>Titulaci\u00f3n:<\/strong> Psicopedagogo<br><strong>Doctorado<\/strong>: Psicopedagogia<br><strong>Universidad:<\/strong> Almeria<br><strong>L\u00ednea de Investigaci\u00f3n<\/strong>: Estudios interculturales y transculturales<br><strong>Miembro del Grupo de investigaci\u00f3n:<\/strong> HUM. 655 Investigaci\u00f3n y Evaluaci\u00f3n en Educaci\u00f3n Intercultural<br>Email de contacto:&nbsp;<a href=\"mailto:ajgonzal@ual.es\" target=\"_blank\" rel=\"noreferrer noopener\">ajgonzal@ual.es<\/a><\/p>\n","protected":false},"excerpt":{"rendered":"<p>Profesi\u00f3n: Profesor Titular UALTitulaci\u00f3n: PsicopedagogoDoctorado: PsicopedagogiaUniversidad: AlmeriaL\u00ednea de Investigaci\u00f3n: Estudios interculturales y transculturalesMiembro del Grupo de investigaci\u00f3n: HUM. 655 Investigaci\u00f3n y Evaluaci\u00f3n en Educaci\u00f3n InterculturalEmail de contacto:&nbsp;ajgonzal@ual.es<\/p>\n","protected":false},"author":1,"featured_media":0,"parent":33,"menu_order":0,"comment_status":"closed","ping_status":"closed","template":"","meta":{"footnotes":""},"class_list":["post-28270","page","type-page","status-publish","hentry"],"_links":{"self":[{"href":"https:\/\/cemyri.es\/es\/wp-json\/wp\/v2\/pages\/28270","targetHints":{"allow":["GET"]}}],"collection":[{"href":"https:\/\/cemyri.es\/es\/wp-json\/wp\/v2\/pages"}],"about":[{"href":"https:\/\/cemyri.es\/es\/wp-json\/wp\/v2\/types\/page"}],"author":[{"embeddable":true,"href":"https:\/\/cemyri.es\/es\/wp-json\/wp\/v2\/users\/1"}],"replies":[{"embeddable":true,"href":"https:\/\/cemyri.es\/es\/wp-json\/wp\/v2\/comments?post=28270"}],"version-history":[{"count":3,"href":"https:\/\/cemyri.es\/es\/wp-json\/wp\/v2\/pages\/28270\/revisions"}],"predecessor-version":[{"id":28274,"href":"https:\/\/cemyri.es\/es\/wp-json\/wp\/v2\/pages\/28270\/revisions\/28274"}],"up":[{"embeddable":true,"href":"https:\/\/cemyri.es\/es\/wp-json\/wp\/v2\/pages\/33"}],"wp:attachment":[{"href":"https:\/\/cemyri.es\/es\/wp-json\/wp\/v2\/media?parent=28270"}],"curies":[{"name":"wp","href":"https:\/\/api.w.org\/{rel}","templated":true}]}}