{"id":28324,"date":"2026-05-13T17:49:01","date_gmt":"2026-05-13T17:49:01","guid":{"rendered":"https:\/\/cemyri.es\/es\/?page_id=28324"},"modified":"2026-05-13T17:49:01","modified_gmt":"2026-05-13T17:49:01","slug":"francisco-taracido-bragado","status":"publish","type":"page","link":"https:\/\/cemyri.es\/es\/colaboradores\/francisco-taracido-bragado\/","title":{"rendered":"Francisco Taracido Bragado"},"content":{"rendered":"\n<p><strong>Nombre y apellidos:<\/strong> Francisco Taracido Bragado<br><strong>Profesi\u00f3n:<\/strong> Polit\u00f3logo<br><strong>Titulaci\u00f3n:<\/strong> Ciencias Pol\u00edticas y M\u00e1ster en Historia Contempor\u00e1nea<br><strong>Universidad:<\/strong> Universidad Complutense de Madrid y Universidad de Granada<br><strong>L\u00ednea de Investigaci\u00f3n:<\/strong> Nacionalismo, Neoliberalismo, Migraciones, Asociacionismo<br>Email de contacto:\u00a0<a href=\"mailto:kikomj97@gmail.com\" target=\"_blank\" rel=\"noreferrer noopener\">kikomj97@gmail.com<\/a><\/p>\n\n\n\n<p><\/p>\n","protected":false},"excerpt":{"rendered":"<p>Nombre y apellidos: Francisco Taracido BragadoProfesi\u00f3n: Polit\u00f3logoTitulaci\u00f3n: Ciencias Pol\u00edticas y M\u00e1ster en Historia Contempor\u00e1neaUniversidad: Universidad Complutense de Madrid y Universidad de GranadaL\u00ednea de Investigaci\u00f3n: Nacionalismo, Neoliberalismo, Migraciones, AsociacionismoEmail de contacto:\u00a0kikomj97@gmail.com<\/p>\n","protected":false},"author":1,"featured_media":0,"parent":35,"menu_order":0,"comment_status":"closed","ping_status":"closed","template":"","meta":{"footnotes":""},"class_list":["post-28324","page","type-page","status-publish","hentry"],"_links":{"self":[{"href":"https:\/\/cemyri.es\/es\/wp-json\/wp\/v2\/pages\/28324","targetHints":{"allow":["GET"]}}],"collection":[{"href":"https:\/\/cemyri.es\/es\/wp-json\/wp\/v2\/pages"}],"about":[{"href":"https:\/\/cemyri.es\/es\/wp-json\/wp\/v2\/types\/page"}],"author":[{"embeddable":true,"href":"https:\/\/cemyri.es\/es\/wp-json\/wp\/v2\/users\/1"}],"replies":[{"embeddable":true,"href":"https:\/\/cemyri.es\/es\/wp-json\/wp\/v2\/comments?post=28324"}],"version-history":[{"count":1,"href":"https:\/\/cemyri.es\/es\/wp-json\/wp\/v2\/pages\/28324\/revisions"}],"predecessor-version":[{"id":28325,"href":"https:\/\/cemyri.es\/es\/wp-json\/wp\/v2\/pages\/28324\/revisions\/28325"}],"up":[{"embeddable":true,"href":"https:\/\/cemyri.es\/es\/wp-json\/wp\/v2\/pages\/35"}],"wp:attachment":[{"href":"https:\/\/cemyri.es\/es\/wp-json\/wp\/v2\/media?parent=28324"}],"curies":[{"name":"wp","href":"https:\/\/api.w.org\/{rel}","templated":true}]}}