{"id":288,"date":"2013-07-23T10:24:23","date_gmt":"2013-07-23T08:24:23","guid":{"rendered":"http:\/\/www.cemyri.es\/?page_id=288"},"modified":"2023-07-25T18:23:51","modified_gmt":"2023-07-25T18:23:51","slug":"arjona-garrido-angeles","status":"publish","type":"page","link":"https:\/\/cemyri.es\/es\/investigadores-adscritos-titulares\/arjona-garrido-angeles\/","title":{"rendered":"\u00c1ngeles Arjona Garrido"},"content":{"rendered":"<p><strong>Departamento:<\/strong>\u00a0Geograf\u00eda, Historia y Humanidades<\/p>\n<p><strong>\u00c1rea:<\/strong>\u00a0Antropolog\u00eda Social<\/p>\n<p><strong>Universidad:<\/strong> Almer\u00eda<\/p>\n<p><strong>L\u00edneas de Investigaci\u00f3n:<\/strong> Migraciones, Econom\u00eda \u00c9tnica, G\u00e9nero<\/p>\n<p><strong>Grupo de Investigaci\u00f3n:<\/strong> <a href=\"http:\/\/www.lasc.es\/\" target=\"_blank\" rel=\"noopener noreferrer\">HUM-472<\/a><\/p>\n<p><strong>Status:<\/strong> Investigadora adscrita<\/p>\n<p><strong>Correo Electr\u00f3nico:<\/strong> arjona@ual.es<\/p>\n<p><strong>Direcci\u00f3n de contacto:<\/strong> Edificio Departamental de Humanidades y Ciencias\u00a0de la Educaci\u00f3n II (Edif. C), Planta 2, Despacho 62, Universidad de\u00a0Almer\u00eda<\/p>\n<p><a href=\"http:\/\/issuu.com\/cemyri\/docs\/cv_angeles_arjona\">Curr\u00edlculum<\/a><\/p>\n<p><a href=\"http:\/\/issuu.com\/cemyri\/docs\/15-pre-11657-checa-arjona-ual-es?e=0\" target=\"_blank\" rel=\"noopener noreferrer\">Publicaciones<\/a><\/p>\n","protected":false},"excerpt":{"rendered":"<p>Departamento:\u00a0Geograf\u00eda, Historia y Humanidades \u00c1rea:\u00a0Antropolog\u00eda Social Universidad: Almer\u00eda L\u00edneas de Investigaci\u00f3n: Migraciones, Econom\u00eda \u00c9tnica, G\u00e9nero Grupo de Investigaci\u00f3n: HUM-472 Status: Investigadora adscrita Correo Electr\u00f3nico: arjona@ual.es Direcci\u00f3n de contacto: Edificio Departamental de Humanidades y Ciencias\u00a0de la Educaci\u00f3n II (Edif. C), Planta 2, Despacho 62, Universidad de\u00a0Almer\u00eda Curr\u00edlculum Publicaciones<\/p>\n","protected":false},"author":3,"featured_media":25336,"parent":33,"menu_order":0,"comment_status":"closed","ping_status":"closed","template":"","meta":{"footnotes":""},"class_list":["post-288","page","type-page","status-publish","has-post-thumbnail","hentry"],"_links":{"self":[{"href":"https:\/\/cemyri.es\/es\/wp-json\/wp\/v2\/pages\/288","targetHints":{"allow":["GET"]}}],"collection":[{"href":"https:\/\/cemyri.es\/es\/wp-json\/wp\/v2\/pages"}],"about":[{"href":"https:\/\/cemyri.es\/es\/wp-json\/wp\/v2\/types\/page"}],"author":[{"embeddable":true,"href":"https:\/\/cemyri.es\/es\/wp-json\/wp\/v2\/users\/3"}],"replies":[{"embeddable":true,"href":"https:\/\/cemyri.es\/es\/wp-json\/wp\/v2\/comments?post=288"}],"version-history":[{"count":4,"href":"https:\/\/cemyri.es\/es\/wp-json\/wp\/v2\/pages\/288\/revisions"}],"predecessor-version":[{"id":27807,"href":"https:\/\/cemyri.es\/es\/wp-json\/wp\/v2\/pages\/288\/revisions\/27807"}],"up":[{"embeddable":true,"href":"https:\/\/cemyri.es\/es\/wp-json\/wp\/v2\/pages\/33"}],"wp:featuredmedia":[{"embeddable":true,"href":"https:\/\/cemyri.es\/es\/wp-json\/wp\/v2\/media\/25336"}],"wp:attachment":[{"href":"https:\/\/cemyri.es\/es\/wp-json\/wp\/v2\/media?parent=288"}],"curies":[{"name":"wp","href":"https:\/\/api.w.org\/{rel}","templated":true}]}}