{"id":31,"date":"2013-07-12T13:16:55","date_gmt":"2013-07-12T11:16:55","guid":{"rendered":"http:\/\/www.cemyri.es\/?page_id=31"},"modified":"2024-10-07T08:23:33","modified_gmt":"2024-10-07T08:23:33","slug":"objetivos-cemyri","status":"publish","type":"page","link":"https:\/\/cemyri.es\/es\/objetivos-cemyri\/","title":{"rendered":"Presentaci\u00f3n"},"content":{"rendered":"\n<figure class=\"wp-block-image size-medium is-resized\"><img loading=\"lazy\" decoding=\"async\" width=\"300\" height=\"300\" src=\"https:\/\/cemyri.es\/es\/wp-content\/uploads\/2023\/10\/LOGO-300x300.jpg\" alt=\"\" class=\"wp-image-27935\" style=\"aspect-ratio:1;width:183px;height:auto\" srcset=\"https:\/\/cemyri.es\/es\/wp-content\/uploads\/2023\/10\/LOGO-300x300.jpg 300w, https:\/\/cemyri.es\/es\/wp-content\/uploads\/2023\/10\/LOGO-150x150.jpg 150w, https:\/\/cemyri.es\/es\/wp-content\/uploads\/2023\/10\/LOGO.jpg 400w\" sizes=\"auto, (max-width: 300px) 100vw, 300px\" \/><\/figure>\n\n\n\n<p>La actual coyuntura internacional de globalizaci\u00f3n est\u00e1 contribuyendo a que los fen\u00f3menos migratorios humanos crezcan en complejidad y tengan mayor repercusi\u00f3n. Por ello, es asunto de primer orden dedicar esfuerzos a la investigaci\u00f3n sobre el fen\u00f3meno y la gesti\u00f3n de la diversidad.<\/p>\n\n\n\n<p>En consecuencia, las instituciones p\u00fablicas espa\u00f1olas, en general, y algunas comunidades aut\u00f3nomas, en particular, se han mostrado, desde un primer momento, sensibles y concienciadas al respecto y han situado la actuaci\u00f3n en inmigraci\u00f3n como uno de los pilares de su pol\u00edtica social.<\/p>\n\n\n\n<p>Por ello, la creaci\u00f3n de un Centro de Investigaci\u00f3n para el Estudio de las Migraciones y las Relaciones Interculturales se enmarca en una necesidad clara de dotar a nuestra comunidad de un recurso b\u00e1sico para, a trav\u00e9s de un mayor conocimiento de la realidad de la inmigraci\u00f3n, contribuir a mejorar la convivencia entre los numerosos y diferentes grupos sociales que coexisten.<\/p>\n\n\n\n<p>Las instituciones pol\u00edticas europeas, espa\u00f1olas y andaluzas se han dotado de programas y planes que incluyen el desarrollo de instrumentos que faciliten la recogida de informaci\u00f3n sobre la realidad de los flujos migratorios y se\u00f1alen propuestas de dise\u00f1o de pol\u00edticas en materia de inmigraci\u00f3n.<\/p>\n\n\n\n<p>Redes y centros de investigaci\u00f3n que en algunos casos son desarrollados por Universidades o en los que participan grupos de investigaci\u00f3n universitarios para desarrollar sus estudios, trabajos y publicaciones constituyen una l\u00ednea estrat\u00e9gica y una apuesta cada d\u00eda m\u00e1s decidida con los objetivos de coordinar los esfuerzos de grupos de investigaci\u00f3n en esta materia, formar a los estudiantes y futuros profesionales en una realidad social compleja y con demanda de trabajadores en esta especialidad, y sumarse a los esfuerzos y planes de las distintas administraciones necesitadas de informaci\u00f3n, investigaci\u00f3n y orientaci\u00f3n en sus pol\u00edticas.<\/p>\n\n\n\n<p>En este contexto de necesidades se crea, en octubre de 2009, el CEMyRI fruto de un acuerdo entre la Secretar\u00eda de Estado de Inmigraci\u00f3n y Emigraci\u00f3n, del entonces Ministerio de Trabajo e Inmigraci\u00f3n, y la Universidad de Almer\u00eda. El CEMyRI cuenta con un elenco de investigadores en todas las \u00e1reas de conocimiento de las Ciencias Sociales (Antropolog\u00eda, Sociolog\u00eda, Psicolog\u00eda Social, Geograf\u00eda y Demograf\u00eda, Econom\u00eda, Ciencias Jur\u00eddicas, Educaci\u00f3n Intercultural, Literatura y Ling\u00fc\u00edstica) y en el \u00e1mbito de la formaci\u00f3n acad\u00e9mica con el M\u00e1ster en Estudios e Intervenci\u00f3n Social en Inmigraci\u00f3n, Desarrollo y Grupos Vulnerables y el Programa de Doctorado en Estudios Migratorios, Codesarrollo e Intervenci\u00f3n Social.<\/p>\n\n\n\n<p><strong>&nbsp;M\u00e1s informaci\u00f3n:<\/strong><em><strong>&nbsp;<\/strong><a href=\"https:\/\/cemyri.es\/es\/wp-content\/uploads\/2013\/07\/Reglamento-de-Centros-de-Investigacion.pdf\">Reglamento de Centros de Investigacion<\/a><\/em><\/p>\n","protected":false},"excerpt":{"rendered":"<p>La actual coyuntura internacional de globalizaci\u00f3n est\u00e1 contribuyendo a que los fen\u00f3menos migratorios humanos crezcan en complejidad y tengan mayor repercusi\u00f3n. Por ello, es asunto de primer orden dedicar esfuerzos a la investigaci\u00f3n sobre el fen\u00f3meno y la gesti\u00f3n de la diversidad. En consecuencia, las instituciones p\u00fablicas espa\u00f1olas, en general, y algunas comunidades aut\u00f3nomas, en&#8230;<\/p>\n","protected":false},"author":1,"featured_media":0,"parent":0,"menu_order":0,"comment_status":"closed","ping_status":"closed","template":"","meta":{"footnotes":""},"class_list":["post-31","page","type-page","status-publish","hentry"],"_links":{"self":[{"href":"https:\/\/cemyri.es\/es\/wp-json\/wp\/v2\/pages\/31","targetHints":{"allow":["GET"]}}],"collection":[{"href":"https:\/\/cemyri.es\/es\/wp-json\/wp\/v2\/pages"}],"about":[{"href":"https:\/\/cemyri.es\/es\/wp-json\/wp\/v2\/types\/page"}],"author":[{"embeddable":true,"href":"https:\/\/cemyri.es\/es\/wp-json\/wp\/v2\/users\/1"}],"replies":[{"embeddable":true,"href":"https:\/\/cemyri.es\/es\/wp-json\/wp\/v2\/comments?post=31"}],"version-history":[{"count":7,"href":"https:\/\/cemyri.es\/es\/wp-json\/wp\/v2\/pages\/31\/revisions"}],"predecessor-version":[{"id":28093,"href":"https:\/\/cemyri.es\/es\/wp-json\/wp\/v2\/pages\/31\/revisions\/28093"}],"wp:attachment":[{"href":"https:\/\/cemyri.es\/es\/wp-json\/wp\/v2\/media?parent=31"}],"curies":[{"name":"wp","href":"https:\/\/api.w.org\/{rel}","templated":true}]}}