{"id":318,"date":"2013-07-23T10:51:56","date_gmt":"2013-07-23T08:51:56","guid":{"rendered":"http:\/\/www.cemyri.es\/?page_id=318"},"modified":"2023-07-25T18:18:13","modified_gmt":"2023-07-25T18:18:13","slug":"cabezas-fernandez-maria-teresa","status":"publish","type":"page","link":"https:\/\/cemyri.es\/es\/doctores-colaboradores\/cabezas-fernandez-maria-teresa\/","title":{"rendered":"Cabezas Fern\u00e1ndez, Mar\u00eda Teresa"},"content":{"rendered":"<p><strong>Centro:<\/strong> Unidad de Medicina Tropical de la E.P. Hospital de Poniente<\/p>\n<p><strong>L\u00edneas de Investigaci\u00f3n:<\/strong> Enfermedades Tropicales<\/p>\n<p><strong>Grupo de Investigaci\u00f3n:<\/strong> <a href=\"http:\/\/www.juntadeandalucia.es\/ep-hospitalponientealmeria\/index.php?seccion=UNIP&amp;menu=10\" target=\"_blank\" rel=\"noopener noreferrer\">Unidad Medicina Tropical Hospital Poniente (CTS582)<\/a><\/p>\n<p><strong>Status:<\/strong> Doctor Investigador Colaborador<\/p>\n<p><strong>Correo Electr\u00f3nico:<\/strong> tcabezasf@yahoo.es<\/p>\n<p><a href=\"http:\/\/issuu.com\/cemyri\/docs\/cv__teresa_cabezas\">Curr\u00edculum<\/a><\/p>\n<p>Publicaciones:<\/p>\n<p>2012,\u00a0<a href=\"http:\/\/issuu.com\/cemyri\/docs\/cribado_chagas_2012_eimc\">Cribado de Chagas en mujeres gestantes latinoamericanas. Experiencia en el\u00a0Poniente Almeriense<\/a><\/p>\n<p>2014,\u00a0<a href=\"http:\/\/issuu.com\/cemyri\/docs\/hepatitis_b_oculta_2014\">Estudio de hepatitis B oculta en poblaci\u00f3n\u00a0inmigrante africana sin datos de hepatopat\u00eda<\/a><\/p>\n","protected":false},"excerpt":{"rendered":"<p>Centro: Unidad de Medicina Tropical de la E.P. Hospital de Poniente L\u00edneas de Investigaci\u00f3n: Enfermedades Tropicales Grupo de Investigaci\u00f3n: Unidad Medicina Tropical Hospital Poniente (CTS582) Status: Doctor Investigador Colaborador Correo Electr\u00f3nico: tcabezasf@yahoo.es Curr\u00edculum Publicaciones: 2012,\u00a0Cribado de Chagas en mujeres gestantes latinoamericanas. Experiencia en el\u00a0Poniente Almeriense 2014,\u00a0Estudio de hepatitis B oculta en poblaci\u00f3n\u00a0inmigrante africana sin datos&#8230;<\/p>\n","protected":false},"author":3,"featured_media":25337,"parent":34,"menu_order":0,"comment_status":"closed","ping_status":"closed","template":"","meta":{"footnotes":""},"class_list":["post-318","page","type-page","status-publish","has-post-thumbnail","hentry"],"_links":{"self":[{"href":"https:\/\/cemyri.es\/es\/wp-json\/wp\/v2\/pages\/318","targetHints":{"allow":["GET"]}}],"collection":[{"href":"https:\/\/cemyri.es\/es\/wp-json\/wp\/v2\/pages"}],"about":[{"href":"https:\/\/cemyri.es\/es\/wp-json\/wp\/v2\/types\/page"}],"author":[{"embeddable":true,"href":"https:\/\/cemyri.es\/es\/wp-json\/wp\/v2\/users\/3"}],"replies":[{"embeddable":true,"href":"https:\/\/cemyri.es\/es\/wp-json\/wp\/v2\/comments?post=318"}],"version-history":[{"count":5,"href":"https:\/\/cemyri.es\/es\/wp-json\/wp\/v2\/pages\/318\/revisions"}],"predecessor-version":[{"id":27785,"href":"https:\/\/cemyri.es\/es\/wp-json\/wp\/v2\/pages\/318\/revisions\/27785"}],"up":[{"embeddable":true,"href":"https:\/\/cemyri.es\/es\/wp-json\/wp\/v2\/pages\/34"}],"wp:featuredmedia":[{"embeddable":true,"href":"https:\/\/cemyri.es\/es\/wp-json\/wp\/v2\/media\/25337"}],"wp:attachment":[{"href":"https:\/\/cemyri.es\/es\/wp-json\/wp\/v2\/media?parent=318"}],"curies":[{"name":"wp","href":"https:\/\/api.w.org\/{rel}","templated":true}]}}