{"id":33,"date":"2013-07-12T13:17:27","date_gmt":"2013-07-12T11:17:27","guid":{"rendered":"http:\/\/www.cemyri.es\/?page_id=33"},"modified":"2025-11-05T12:23:48","modified_gmt":"2025-11-05T12:23:48","slug":"investigadores-adscritos-titulares","status":"publish","type":"page","link":"https:\/\/cemyri.es\/es\/investigadores-adscritos-titulares\/","title":{"rendered":"Investigadores adscritos Titulares"},"content":{"rendered":"\n<ul class=\"wp-block-list\">\n<li><a href=\"https:\/\/cemyri.es\/es\/doctores-colaboradores\/acien-gonzalez-estefania\/\">Aci\u00e9n Gonz\u00e1lez,&nbsp;Estefan\u00eda<\/a><\/li>\n\n\n\n<li><a href=\"https:\/\/cemyri.es\/es\/tesis-doctorales\/alexandra-ainz-galende\/\">Ainz Galende, Alexandra<\/a><\/li>\n\n\n\n<li><a href=\"https:\/\/cemyri.es\/es\/investigadores-adscritos-titulares\/arjona-garrido-angeles\/\">Arjona Garrido, \u00c1ngeles<\/a><\/li>\n\n\n\n<li><a href=\"https:\/\/cemyri.es\/es\/colaboradores\/teresa-belmonte-garcia\/\">Belmonte Garc\u00eda, Mar\u00eda Teresa<\/a><\/li>\n\n\n\n<li><a href=\"https:\/\/cemyri.es\/es\/veronica-caballero-cala\/\">Caballero Cala, Ver\u00f3nica<\/a><\/li>\n\n\n\n<li><a href=\"https:\/\/cemyri.es\/es\/2020\/01\/30\/maria-jesus-cabezon-fernandez\/\">Cabez\u00f3n Fern\u00e1ndez, Mar\u00eda Jes\u00fas<\/a><\/li>\n\n\n\n<li><a href=\"https:\/\/cemyri.es\/es\/investigadores-adscritos-titulares\/francisco-checa-y-olmos\/\">Checa Olmos, Francisco<\/a><\/li>\n\n\n\n<li><a href=\"https:\/\/cemyri.es\/es\/investigadores-adscritos-titulares\/juan-carlos-checa-olmos\/\">Checa Olmos, Juan Carlos<\/a><\/li>\n\n\n\n<li><a href=\"https:\/\/cemyri.es\/es\/2025\/06\/18\/corral-granados-anabel\/\">Corral Granados, Anabel<\/a><\/li>\n\n\n\n<li><a href=\"https:\/\/cemyri.es\/es\/investigadores-adscritos-titulares\/ma-isabel-cuadrado-guirado\/\">Cuadrado Guirado, Mar\u00eda Isabel<\/a><\/li>\n\n\n\n<li><a href=\"https:\/\/cemyri.es\/es\/doctores-colaboradores\/cristina-cuenca-piqueras\/\">Cuenca Piqueras, Cristina<\/a><\/li>\n\n\n\n<li><a href=\"https:\/\/cemyri.es\/es\/doctores-colaboradores\/rachida-dalouh\/\">Dalouh, Rachida<\/a><\/li>\n\n\n\n<li><a href=\"https:\/\/cemyri.es\/es\/investigadores-adscritos-titulares\/juan-sebastian-fernandez-prados\/\">Fern\u00e1ndez Prados, Juan Sebasti\u00e1n<\/a><\/li>\n\n\n\n<li><a href=\"https:\/\/cemyri.es\/es\/2025\/06\/18\/figueredo-canosa-victoria\/\">Figueredo Canosa, Victoria<\/a><\/li>\n\n\n\n<li><a href=\"https:\/\/cemyri.es\/es\/2025\/06\/18\/garcia-marcos-francisco\/\">Garc\u00eda Marcos, Francisco<\/a><\/li>\n\n\n\n<li><a href=\"https:\/\/cemyri.es\/es\/investigadores-adscritos-titulares\/antonio-jose-gonzalez-jimenez\/\">Gonz\u00e1lez Jim\u00e9nez, Antonio Jos\u00e9<\/a><\/li>\n\n\n\n<li><a href=\"https:\/\/cemyri.es\/es\/doctores-colaboradores\/beatriz-gonzalez-martin\/\">Gonz\u00e1lez Mart\u00edn, Beatriz<\/a><\/li>\n\n\n\n<li><a href=\"https:\/\/cemyri.es\/es\/2025\/06\/18\/gonzalez-moreno-maria-jose\/\">Gonz\u00e1lez Moreno, Mar\u00eda Jos\u00e9<\/a><\/li>\n\n\n\n<li><a href=\"https:\/\/cemyri.es\/es\/2020\/07\/20\/lucia-lopez-rodriguez-2\/\">L\u00f3pez Rodr\u00edguez, Luc\u00eda<\/a><\/li>\n\n\n\n<li><a href=\"https:\/\/cemyri.es\/es\/2025\/06\/18\/lopez-rodriguez-maria-d\/\">L\u00f3pez Rodriguez, Mar\u00eda D<\/a><\/li>\n\n\n\n<li><a href=\"https:\/\/cemyri.es\/es\/2018\/07\/03\/antonia-lozano-diaz\/\">Lozano D\u00edaz, Antonia<\/a><\/li>\n\n\n\n<li><a href=\"https:\/\/cemyri.es\/es\/2019\/03\/18\/maria-teresa-martin-palomo\/\">Mart\u00edn Palomo, Mar\u00eda Teresa<\/a><\/li>\n\n\n\n<li><a href=\"https:\/\/cemyri.es\/es\/2025\/10\/30\/montserrat-monserrat-hernandez\/\">Montserrat Hern\u00e1ndez, Montserrat<\/a><\/li>\n\n\n\n<li><a href=\"https:\/\/cemyri.es\/es\/2020\/02\/05\/jesus-muyor-rodriguez\/\">Muyor Rodr\u00edguez, Jes\u00fas<\/a><\/li>\n\n\n\n<li><a href=\"https:\/\/cemyri.es\/es\/investigadores-adscritos-titulares\/maria-soledad-navas-luque\/\">Navas Luque, Mar\u00eda Soledad<\/a><\/li>\n\n\n\n<li><a href=\"https:\/\/cemyri.es\/es\/investigadores-adscritos-titulares\/luis-ortiz-jimenez\/\">Ortiz Jim\u00e9nez, Luis<\/a><\/li>\n\n\n\n<li><a href=\"https:\/\/cemyri.es\/es\/investigadores-adscritos-titulares\/fernando-plaza-del-pino\/\">Plaza Del Pino, Fernando<\/a><\/li>\n\n\n\n<li><a href=\"https:\/\/cemyri.es\/es\/investigadores-adscritos-titulares\/1392-2\/\">Pumares Fern\u00e1ndez, Pablo<\/a><\/li>\n\n\n\n<li><a href=\"https:\/\/cemyri.es\/es\/investigadores-adscritos-titulares\/pilar-rodriguez-martinez\/\">Rodr\u00edguez Mart\u00ednez, Pilar<\/a><\/li>\n\n\n\n<li><a href=\"https:\/\/cemyri.es\/es\/doctores-colaboradores\/ruben-rodriguez-puertas\/\">Rodr\u00edguez Puertas, Rub\u00e9n<\/a><\/li>\n\n\n\n<li><a href=\"https:\/\/cemyri.es\/es\/2018\/07\/03\/christian-roith\/\">Roith Christian<\/a><\/li>\n\n\n\n<li><a href=\"https:\/\/cemyri.es\/es\/investigadores-adscritos-titulares\/antonio-j-rojas-tejada\/\">Rojas Tejada, Antonio J.<\/a><\/li>\n\n\n\n<li><a href=\"https:\/\/cemyri.es\/es\/2025\/10\/30\/dario-salguero\/\">Salguero, Dar\u00edo<\/a><\/li>\n\n\n\n<li><a href=\"https:\/\/cemyri.es\/es\/tesis-doctorales\/pablo-sayans-jimenez\/\">Sayans Jim\u00e9nez, Pablo<\/a><\/li>\n\n\n\n<li><a href=\"https:\/\/cemyri.es\/es\/investigadores-adscritos-titulares\/encarnacion-soriano-ayala\/\">Soriano Ayala, Encarnaci\u00f3n<\/a><\/li>\n<\/ul>\n\n\n\n<p><\/p>\n\n\n\n<p><\/p>\n","protected":false},"excerpt":{"rendered":"","protected":false},"author":3,"featured_media":0,"parent":0,"menu_order":0,"comment_status":"closed","ping_status":"open","template":"","meta":{"footnotes":""},"class_list":["post-33","page","type-page","status-publish","hentry"],"_links":{"self":[{"href":"https:\/\/cemyri.es\/es\/wp-json\/wp\/v2\/pages\/33","targetHints":{"allow":["GET"]}}],"collection":[{"href":"https:\/\/cemyri.es\/es\/wp-json\/wp\/v2\/pages"}],"about":[{"href":"https:\/\/cemyri.es\/es\/wp-json\/wp\/v2\/types\/page"}],"author":[{"embeddable":true,"href":"https:\/\/cemyri.es\/es\/wp-json\/wp\/v2\/users\/3"}],"replies":[{"embeddable":true,"href":"https:\/\/cemyri.es\/es\/wp-json\/wp\/v2\/comments?post=33"}],"version-history":[{"count":45,"href":"https:\/\/cemyri.es\/es\/wp-json\/wp\/v2\/pages\/33\/revisions"}],"predecessor-version":[{"id":28272,"href":"https:\/\/cemyri.es\/es\/wp-json\/wp\/v2\/pages\/33\/revisions\/28272"}],"wp:attachment":[{"href":"https:\/\/cemyri.es\/es\/wp-json\/wp\/v2\/media?parent=33"}],"curies":[{"name":"wp","href":"https:\/\/api.w.org\/{rel}","templated":true}]}}