{"id":34,"date":"2013-07-12T13:17:44","date_gmt":"2013-07-12T11:17:44","guid":{"rendered":"http:\/\/www.cemyri.es\/?page_id=34"},"modified":"2025-10-30T18:45:52","modified_gmt":"2025-10-30T18:45:52","slug":"doctores-colaboradores","status":"publish","type":"page","link":"https:\/\/cemyri.es\/es\/doctores-colaboradores\/","title":{"rendered":"Doctores colaboradores"},"content":{"rendered":"\n<ul class=\"wp-block-list\">\n<li>Al\u00edas Garc\u00eda, Antonio<\/li>\n\n\n\n<li>\u00c1lvarez Rodr\u00edguez, Aurelia<\/li>\n\n\n\n<li>Beluschi Fabeni, Giuseppe<\/li>\n\n\n\n<li><a href=\"https:\/\/cemyri.es\/es\/andrea-blanc-molina\/\">Blanc Molina, Andrea<\/a><\/li>\n\n\n\n<li><a href=\"https:\/\/cemyri.es\/es\/doctores-colaboradores\/cabezas-fernandez-maria-teresa\/\">Cabezas Fern\u00e1ndez, Mar\u00eda Teresa<\/a><\/li>\n\n\n\n<li><a href=\"https:\/\/cemyri.es\/es\/doctores-colaboradores\/gloria-calabresi\/\">Calabresi, Gloria<\/a><\/li>\n\n\n\n<li><a href=\"https:\/\/cemyri.es\/es\/2025\/10\/30\/maria-aurora-canadas-romero\/\">Ca\u00f1adas Romero, Mar\u00eda Aurora<\/a><\/li>\n\n\n\n<li><a href=\"https:\/\/cemyri.es\/es\/doctores-colaboradores\/francesco-saverio-caruso-2\/\">Caruso Francesco Saverio<\/a><\/li>\n\n\n\n<li><a href=\"https:\/\/cemyri.es\/es\/2025\/10\/30\/rarianne-carvalho-peruhype\/\">Carvalho Peruhype, Rarianne<\/a><\/li>\n\n\n\n<li><a href=\"https:\/\/cemyri.es\/es\/doctores-colaboradores\/luisa-cervantes-martinez\/\">Cervantes Mart\u00ednez, Luisa<\/a><\/li>\n\n\n\n<li><a href=\"https:\/\/cemyri.es\/es\/doctores-colaboradores\/francisco-oscar-checa-fernandez\/\">Checa Fern\u00e1ndez, Francisco \u00d3scar<\/a><\/li>\n\n\n\n<li><a href=\"https:\/\/cemyri.es\/es\/?page_id=26266&amp;preview=true\">Constantin, Andrea Alexandra<\/a><\/li>\n\n\n\n<li><a href=\"https:\/\/cemyri.es\/es\/2025\/10\/30\/cristina-de-benito-moran\/\">De Benito Mor\u00e1n, Cristina<\/a><\/li>\n\n\n\n<li><a href=\"https:\/\/cemyri.es\/es\/doctores-colaboradores\/isabel-maria-diaz-diaz\/\">D\u00edaz D\u00edaz, Isabel Mar\u00eda<\/a><\/li>\n\n\n\n<li><a href=\"https:\/\/cemyri.es\/es\/doctores-colaboradores\/naima-ejbari\/\">Ejbari, Naima<\/a><\/li>\n\n\n\n<li><a href=\"https:\/\/cemyri.es\/es\/doctores-colaboradores\/concepcion-fernandez-soto\/\">Fern\u00e1ndez Soto, Concepci\u00f3n<\/a><\/li>\n\n\n\n<li><a href=\"https:\/\/cemyri.es\/es\/doctores-colaboradores\/victoria-figueredo-canosa\/\">Figueredo Canosa, Victoria<\/a><\/li>\n\n\n\n<li><a href=\"https:\/\/cemyri.es\/es\/doctores-colaboradores\/fouzia-harroud\/\">Fouzia Harroud<\/a><\/li>\n\n\n\n<li><a href=\"https:\/\/cemyri.es\/es\/doctores-colaboradores\/jose-manuel-garcia-montes\/\">Garc\u00eda Montes, Jos\u00e9 Manuel<\/a><\/li>\n\n\n\n<li><a href=\"https:\/\/cemyri.es\/es\/doctores-colaboradores\/encarnacion-garcia-ruiz\/\">Garc\u00eda Ruiz, Encarnaci\u00f3n<\/a><\/li>\n\n\n\n<li><a href=\"https:\/\/cemyri.es\/es\/doctores-colaboradores\/maria-isabel-gutierrez-izquierdo\/\">Guti\u00e9rrez Izquierdo, Mar\u00eda Isabel<\/a><\/li>\n\n\n\n<li><a href=\"https:\/\/cemyri.es\/es\/doctores-colaboradores\/soledad-gutierrez-pastor\/\">Guti\u00e9rrez Pastor, Soledad<\/a><\/li>\n\n\n\n<li><a href=\"https:\/\/cemyri.es\/es\/doctores-colaboradores\/gonzalo-vicente-herranz-de-rafael\/\">Herranz De Rafael, Gonzalo<\/a><\/li>\n\n\n\n<li><a href=\"https:\/\/cemyri.es\/es\/doctores-colaboradores\/daniela-herrera-rubalcaba\/\">Herrera Rubalcaba, Daniela<\/a><\/li>\n\n\n\n<li><a href=\"https:\/\/cemyri.es\/es\/26233-2\/\">Ib\u00e1\u00f1ez Allera, Pedro Luis<\/a><\/li>\n\n\n\n<li><a href=\"https:\/\/cemyri.es\/es\/doctores-colaboradores\/manuel-jaen-garcia\/\">Ja\u00e9n Garc\u00eda, Manuel<\/a><\/li>\n\n\n\n<li><a href=\"https:\/\/cemyri.es\/es\/doctores-colaboradores\/yolanda-basilisa-jover-silvestre\/\">Jover Silvestre, Yolanda<\/a><\/li>\n\n\n\n<li><a href=\"https:\/\/cemyri.es\/es\/doctores-colaboradores\/francisco-majuelos-martinez\/\">Majuelos Mart\u00ednez, Francisco<\/a><\/li>\n\n\n\n<li><a href=\"https:\/\/cemyri.es\/es\/doctores-colaboradores\/maria-victoria-mateo-garcia\/\">Mateo Garc\u00eda, M\u00aa Victoria<\/a><\/li>\n\n\n\n<li><a href=\"https:\/\/cemyri.es\/es\/2025\/10\/30\/ruth-mary-morales-robles\/\">Morales Robles, Ruth Mary<\/a><\/li>\n\n\n\n<li><a href=\"https:\/\/cemyri.es\/es\/doctores-colaboradores\/josefa-munoz-paris\/\">Mu\u00f1oz Paris,&nbsp;Mar\u00eda Jos\u00e9<\/a><\/li>\n\n\n\n<li><a href=\"https:\/\/cemyri.es\/es\/2020\/07\/20\/dagmary-olivar-graterol\/\">Ol\u00edvar Graterol, Dagmary<\/a><\/li>\n\n\n\n<li><a href=\"https:\/\/cemyri.es\/es\/doctores-colaboradores\/maria-isabel-oliver-reche\/\">Oliver Reche, Mar\u00eda Isabel<\/a><\/li>\n\n\n\n<li><a href=\"https:\/\/cemyri.es\/es\/2017\/07\/26\/jorge-luis-ordonez-carrasco\/\">Ord\u00f3\u00f1ez Carrasco, Jorge Luis<\/a><\/li>\n\n\n\n<li><a href=\"https:\/\/cemyri.es\/es\/doctores-colaboradores\/daniela-padua-arcos\/\">Padua Arcos, Daniela<\/a><\/li>\n\n\n\n<li><a href=\"https:\/\/cemyri.es\/es\/doctores-colaboradores\/nobel-augusto-perdu-honeyman\/\">Perdu Honeyman, Nobel Augusto<\/a><\/li>\n\n\n\n<li><a href=\"https:\/\/cemyri.es\/es\/2025\/10\/30\/valeria-penailillo-seguel\/\">Pe\u00f1ailillo Seguel, Valeria<\/a><\/li>\n\n\n\n<li><a href=\"https:\/\/cemyri.es\/es\/investigadores-adscritos-titulares\/laura-piedra-munoz\/\">Piedra Mu\u00f1oz, Laura<\/a><\/li>\n\n\n\n<li><a href=\"https:\/\/cemyri.es\/es\/doctores-colaboradores\/maria-del-carmen-quiles-cabrera\/\">Quiles Cabrera, M\u00aa Carmen<\/a><\/li>\n\n\n\n<li><a href=\"https:\/\/cemyri.es\/es\/2025\/10\/30\/maria-del-carmen-resina-gonzalez\/\">Resina Gonz\u00e1lez, Mar\u00eda del Carmen<\/a><\/li>\n\n\n\n<li><a href=\"https:\/\/cemyri.es\/es\/26271-2\/\">Rodr\u00edguez Arrastia, Miguel Jes\u00fas<\/a><\/li>\n\n\n\n<li><a href=\"https:\/\/cemyri.es\/es\/2019\/09\/13\/juan-r-romero-figuera\/\">Romero Figuera, Juan R.<\/a><\/li>\n\n\n\n<li><a href=\"https:\/\/cemyri.es\/es\/doctores-colaboradores\/alexandra-ma-rios-marin\/\">R\u00edos Mar\u00edn, Alexandra<\/a><\/li>\n\n\n\n<li><a href=\"https:\/\/cemyri.es\/es\/doctores-colaboradores\/joaquin-salas-coronas\/\">Salas Coronas, Joaqu\u00edn<\/a><\/li>\n\n\n\n<li><a href=\"https:\/\/cemyri.es\/es\/2019\/12\/11\/maria-sanchez-castello\/\">S\u00e1nchez Castell\u00f3, Mar\u00eda<\/a><\/li>\n\n\n\n<li><a href=\"https:\/\/cemyri.es\/es\/investigadores-adscritos-titulares\/andres-sanchez-picon\/\">S\u00e1nchez Pic\u00f3n, Andr\u00e9s<\/a><\/li>\n\n\n\n<li><a href=\"https:\/\/cemyri.es\/es\/doctores-colaboradores\/pablo-sayans-jimenez\/\">Sayans Jim\u00e9nez, Pablo<\/a><\/li>\n\n\n\n<li><a href=\"https:\/\/cemyri.es\/es\/2025\/10\/30\/joaquin-tarifa-perez\/\">Tarifa P\u00e9rez, Joaqu\u00edn<\/a><\/li>\n\n\n\n<li><a href=\"https:\/\/cemyri.es\/es\/doctores-colaboradores\/ma-jose-torres-haro\/\">Torres Haro, M\u00aa Jos\u00e9<\/a><\/li>\n\n\n\n<li><a href=\"https:\/\/cemyri.es\/es\/doctores-colaboradores\/ester-trigo-ibanez\/\">Trigo Ib\u00e1\u00f1ez, Ester<\/a><\/li>\n\n\n\n<li><a href=\"https:\/\/cemyri.es\/es\/doctores-colaboradores\/rosa-maria-zapata-boluda\/\">Zapata Boluda, Rosa M\u00aa<\/a><\/li>\n<\/ul>\n","protected":false},"excerpt":{"rendered":"","protected":false},"author":3,"featured_media":0,"parent":0,"menu_order":0,"comment_status":"closed","ping_status":"open","template":"","meta":{"footnotes":""},"class_list":["post-34","page","type-page","status-publish","hentry"],"_links":{"self":[{"href":"https:\/\/cemyri.es\/es\/wp-json\/wp\/v2\/pages\/34","targetHints":{"allow":["GET"]}}],"collection":[{"href":"https:\/\/cemyri.es\/es\/wp-json\/wp\/v2\/pages"}],"about":[{"href":"https:\/\/cemyri.es\/es\/wp-json\/wp\/v2\/types\/page"}],"author":[{"embeddable":true,"href":"https:\/\/cemyri.es\/es\/wp-json\/wp\/v2\/users\/3"}],"replies":[{"embeddable":true,"href":"https:\/\/cemyri.es\/es\/wp-json\/wp\/v2\/comments?post=34"}],"version-history":[{"count":83,"href":"https:\/\/cemyri.es\/es\/wp-json\/wp\/v2\/pages\/34\/revisions"}],"predecessor-version":[{"id":28254,"href":"https:\/\/cemyri.es\/es\/wp-json\/wp\/v2\/pages\/34\/revisions\/28254"}],"wp:attachment":[{"href":"https:\/\/cemyri.es\/es\/wp-json\/wp\/v2\/media?parent=34"}],"curies":[{"name":"wp","href":"https:\/\/api.w.org\/{rel}","templated":true}]}}