{"id":341,"date":"2013-07-23T11:23:58","date_gmt":"2013-07-23T09:23:58","guid":{"rendered":"http:\/\/www.cemyri.es\/?page_id=341"},"modified":"2023-07-25T18:24:07","modified_gmt":"2023-07-25T18:24:07","slug":"acien-gonzalez-estefania","status":"publish","type":"page","link":"https:\/\/cemyri.es\/es\/doctores-colaboradores\/acien-gonzalez-estefania\/","title":{"rendered":"Estefan\u00eda Aci\u00e9n Gonz\u00e1lez"},"content":{"rendered":"<p><strong>Grado:<\/strong>\u00a0Ciencias Pol\u00edticas y Sociolog\u00eda. Especialidad Sociolog\u00eda (Universidad de Granada)<\/p>\n<p><strong>Doctorado:<\/strong> En estudios migratorios, desarrollo e intervenci\u00f3n social (Universidad de Almer\u00eda)<\/p>\n<p><strong>Universidad:<\/strong> Almer\u00eda<\/p>\n<p><strong>L\u00edneas de Investigaci\u00f3n:<\/strong> G\u00e9nero, sexualidad, exclusi\u00f3n social, intervenci\u00f3n social, prostituci\u00f3n<\/p>\n<p><strong>Grupo de Investigaci\u00f3n:<\/strong> <a href=\"http:\/\/www.lasc.es\/\" target=\"_blank\" rel=\"noopener noreferrer\">HUM-472<\/a><\/p>\n<p><strong>Status:<\/strong> Doctora Colaboradora<\/p>\n<p><strong>T\u00e9cnico de investigaci\u00f3n<\/strong><\/p>\n<p><strong> Correo Electr\u00f3nico:<\/strong> eacien@ual.es<\/p>\n<p><strong>Tel\u00e9fono:<\/strong> 950 015412<\/p>\n<p><strong>Direcci\u00f3n de contacto:<\/strong> Edificio Departamental de Humanidades y Ciencias de la Educaci\u00f3n II (Edif. C) Planta 2, Despacho 71, Universidad de Almer\u00eda<\/p>\n<p><a href=\"http:\/\/issuu.com\/cemyri\/docs\/cv_estefania_acien?e=0\" target=\"_blank\" rel=\"noopener noreferrer\">Curr\u00edculum<\/a><\/p>\n","protected":false},"excerpt":{"rendered":"<p>Grado:\u00a0Ciencias Pol\u00edticas y Sociolog\u00eda. Especialidad Sociolog\u00eda (Universidad de Granada) Doctorado: En estudios migratorios, desarrollo e intervenci\u00f3n social (Universidad de Almer\u00eda) Universidad: Almer\u00eda L\u00edneas de Investigaci\u00f3n: G\u00e9nero, sexualidad, exclusi\u00f3n social, intervenci\u00f3n social, prostituci\u00f3n Grupo de Investigaci\u00f3n: HUM-472 Status: Doctora Colaboradora T\u00e9cnico de investigaci\u00f3n Correo Electr\u00f3nico: eacien@ual.es Tel\u00e9fono: 950 015412 Direcci\u00f3n de contacto: Edificio Departamental de Humanidades&#8230;<\/p>\n","protected":false},"author":3,"featured_media":25338,"parent":34,"menu_order":0,"comment_status":"closed","ping_status":"closed","template":"","meta":{"footnotes":""},"class_list":["post-341","page","type-page","status-publish","has-post-thumbnail","hentry"],"_links":{"self":[{"href":"https:\/\/cemyri.es\/es\/wp-json\/wp\/v2\/pages\/341","targetHints":{"allow":["GET"]}}],"collection":[{"href":"https:\/\/cemyri.es\/es\/wp-json\/wp\/v2\/pages"}],"about":[{"href":"https:\/\/cemyri.es\/es\/wp-json\/wp\/v2\/types\/page"}],"author":[{"embeddable":true,"href":"https:\/\/cemyri.es\/es\/wp-json\/wp\/v2\/users\/3"}],"replies":[{"embeddable":true,"href":"https:\/\/cemyri.es\/es\/wp-json\/wp\/v2\/comments?post=341"}],"version-history":[{"count":4,"href":"https:\/\/cemyri.es\/es\/wp-json\/wp\/v2\/pages\/341\/revisions"}],"predecessor-version":[{"id":27809,"href":"https:\/\/cemyri.es\/es\/wp-json\/wp\/v2\/pages\/341\/revisions\/27809"}],"up":[{"embeddable":true,"href":"https:\/\/cemyri.es\/es\/wp-json\/wp\/v2\/pages\/34"}],"wp:featuredmedia":[{"embeddable":true,"href":"https:\/\/cemyri.es\/es\/wp-json\/wp\/v2\/media\/25338"}],"wp:attachment":[{"href":"https:\/\/cemyri.es\/es\/wp-json\/wp\/v2\/media?parent=341"}],"curies":[{"name":"wp","href":"https:\/\/api.w.org\/{rel}","templated":true}]}}