{"id":35,"date":"2013-07-12T13:17:59","date_gmt":"2013-07-12T11:17:59","guid":{"rendered":"http:\/\/www.cemyri.es\/?page_id=35"},"modified":"2025-10-30T18:53:13","modified_gmt":"2025-10-30T18:53:13","slug":"colaboradores","status":"publish","type":"page","link":"https:\/\/cemyri.es\/es\/colaboradores\/","title":{"rendered":"Colaboradores"},"content":{"rendered":"\n<p><\/p>\n\n\n\n<ul class=\"wp-block-list\">\n<li><a href=\"https:\/\/cemyri.es\/es\/investigadores-2\/colaboradores\/patricia-amate-nunez\/\">Amate N\u00fa\u00f1ez, Patricia<\/a><\/li>\n\n\n\n<li><a href=\"https:\/\/cemyri.es\/es\/colaboradores\/nadia-azougagh-bousnina\/\">Azougagh Bousnina, Nadia<\/a><\/li>\n\n\n\n<li><a href=\"https:\/\/cemyri.es\/es\/colaboradores\/barbara-badanta-romero\/\">Badanta Romero, B\u00e1rbara<\/a><\/li>\n\n\n\n<li><a href=\"https:\/\/cemyri.es\/es\/colaboradores\/maria-del-pilar-baraza-cano\/\">Baraza Cano, Mar\u00eda del Pilar<\/a><\/li>\n\n\n\n<li><a href=\"https:\/\/cemyri.es\/es\/colaboradores\/juan-jose-bazan-sanchez\/\">Baz\u00e1n S\u00e1nchez, Juan Jos\u00e9<\/a><\/li>\n\n\n\n<li><a href=\"https:\/\/cemyri.es\/es\/colaboradores\/yolanda-cara-fernandez\/\">Cara Fern\u00e1ndez, Yolanda<\/a><\/li>\n\n\n\n<li><a href=\"https:\/\/cemyri.es\/es\/colaboradores\/cristina-carmona-lopez\/\">Carmona L\u00f3pez, Cristina<\/a><\/li>\n\n\n\n<li><a href=\"https:\/\/cemyri.es\/es\/colaboradores\/carolina-cohen-polanco\/\">Cohen Polanco, Carolina<\/a><\/li>\n\n\n\n<li><a href=\"https:\/\/cemyri.es\/es\/colaboradores\/aurora-conde-gonzalvez\/\">Conde Gonz\u00e1lvez, Aurora<\/a><\/li>\n\n\n\n<li><a href=\"https:\/\/cemyri.es\/es\/colaboradores\/rocio-de-diego-cordero\/\">De Diego Cordero, Roc\u00edo<\/a><\/li>\n\n\n\n<li><a href=\"https:\/\/cemyri.es\/es\/colaboradores\/1702-2\/\">Del Pino \u00c1lvarez, Inmaculada<\/a><\/li>\n\n\n\n<li><a href=\"https:\/\/cemyri.es\/es\/2018\/02\/12\/paola-johanna-fernandez-pardo\/\">Fern\u00e1ndez Pardo, Paola Johanna<\/a><\/li>\n\n\n\n<li><a href=\"https:\/\/cemyri.es\/es\/colaboradores\/isabel-maria-garcia-jimenez\/\">Garc\u00eda Jim\u00e9nez, Isabel Mar\u00eda<\/a><\/li>\n\n\n\n<li><a href=\"https:\/\/cemyri.es\/es\/2018\/03\/07\/natalia-gil-martinez\/\">Gil Mart\u00ednez, Natalia<\/a><\/li>\n\n\n\n<li><a href=\"https:\/\/cemyri.es\/es\/colaboradores\/victor-manuel-gonzalez-requena\/\">Gonz\u00e1lez Requena, V\u00edctor Manuel<\/a><\/li>\n\n\n\n<li><a href=\"https:\/\/cemyri.es\/es\/investigadores-2\/colaboradores\/teresa-granados-serrano\/\">Granados Serrano, Teresa<\/a><\/li>\n\n\n\n<li><a href=\"https:\/\/cemyri.es\/es\/2025\/10\/30\/tainan-maria-guimaraes-silva\/\">Guimaraes Silva, Tainan Mar\u00eda<\/a><\/li>\n\n\n\n<li><a href=\"https:\/\/cemyri.es\/es\/2025\/06\/18\/hernandez-estevez-maria-victoria\/\">Hern\u00e1ndez Est\u00e9vez, Mar\u00eda Victoria<\/a><\/li>\n\n\n\n<li><a href=\"https:\/\/cemyri.es\/es\/colaboradores\/maria-de-las-mercedes-hidalgo-collazos\/\">Hidalgo Collazos, Mar\u00eda de las Mercedes<\/a><\/li>\n\n\n\n<li><a href=\"https:\/\/cemyri.es\/es\/investigadores-2\/colaboradores\/25774-2\/\">Jolivet, Dominique<\/a><\/li>\n\n\n\n<li><a href=\"https:\/\/cemyri.es\/es\/raquel-latorre-martinez\/\">Latorre Mart\u00ednez, Raquel<\/a><\/li>\n\n\n\n<li><a href=\"https:\/\/cemyri.es\/es\/investigadores-2\/colaboradores\/ruth-lopez-sanchez\/\">L\u00f3pez S\u00e1nchez, Ruth<\/a><\/li>\n\n\n\n<li><a href=\"https:\/\/cemyri.es\/es\/colaboradores\/david-lorenz\/\">Lorenz, David<\/a><\/li>\n\n\n\n<li><a href=\"https:\/\/cemyri.es\/es\/2025\/06\/18\/manas-migal-rosa-maria\/\">Ma\u00f1as Migal, Rosa Mar\u00eda<\/a><\/li>\n\n\n\n<li><a href=\"https:\/\/cemyri.es\/es\/colaboradores\/elena-marin-casinello\/\">Mar\u00edn Casinello, Elena<\/a><\/li>\n\n\n\n<li><a href=\"https:\/\/cemyri.es\/es\/colaboradores\/francisco-martin-murcia\/\">Mart\u00edn Murcia, Francisco<\/a><\/li>\n\n\n\n<li><a href=\"https:\/\/cemyri.es\/es\/colaboradores\/manuel-jorge-martinez-munoz\/\">Mart\u00ednez Mu\u00f1oz, Manuel Jorge&nbsp;<\/a><\/li>\n\n\n\n<li><a href=\"https:\/\/cemyri.es\/es\/2025\/10\/30\/lucia-mellinas-sanchez\/\">Mellinas S\u00e1nchez, Luc\u00eda<\/a><\/li>\n\n\n\n<li><a href=\"https:\/\/cemyri.es\/es\/2018\/07\/03\/claudia-bernice-mendoza-ramirez\/\">Mendoza Ram\u00edrez, Claudia Bernice<\/a><\/li>\n\n\n\n<li><a href=\"https:\/\/cemyri.es\/es\/colaboradores\/maria-jose-munoz-vilches\/\">Mu\u00f1oz Vilches, Mar\u00eda Jos\u00e9<\/a><\/li>\n\n\n\n<li><a href=\"https:\/\/cemyri.es\/es\/colaboradores\/noelia-navarro-gomez\/\">Navarro G\u00f3mez, Noelia<\/a><\/li>\n\n\n\n<li><a href=\"https:\/\/cemyri.es\/es\/colaboradores\/victor-navarro-garcia\/\">Navarro Garc\u00eda, V\u00edctor<\/a><\/li>\n\n\n\n<li><a href=\"https:\/\/cemyri.es\/es\/colaboradores\/rocio-ortiz-amo\/\">Ortiz Amo, Roc\u00edo<\/a><\/li>\n\n\n\n<li><a href=\"https:\/\/cemyri.es\/es\/colaboradores\/eduardo-j-padial-sachez\/\">Padial S\u00e1nchez, Eduardo J.<\/a><\/li>\n\n\n\n<li><a href=\"https:\/\/cemyri.es\/es\/2025\/06\/18\/perez-moreno-david\/\">P\u00e9rez Moreno, David<\/a><\/li>\n\n\n\n<li><a href=\"https:\/\/cemyri.es\/es\/2020\/02\/05\/cora-recio-burgos\/\">Recio Burgos, Cora<\/a><\/li>\n\n\n\n<li><a href=\"https:\/\/cemyri.es\/es\/colaboradores\/diana-riano-acevedo\/\">Ria\u00f1o Acevedo, Diana<\/a><\/li>\n\n\n\n<li><a href=\"https:\/\/cemyri.es\/es\/2025\/10\/30\/clara-rodriguez-guil\/\">Rodr\u00edguez Guil, Clara<\/a><\/li>\n\n\n\n<li><a href=\"https:\/\/cemyri.es\/es\/colaboradores\/cristina-roldan-maleno\/\">Rold\u00e1n Maleno, Cristina<\/a><\/li>\n\n\n\n<li><a href=\"https:\/\/cemyri.es\/es\/colaboradores\/agustin-romero-lopez\/\">Romero L\u00f3pez, Agust\u00edn<\/a><\/li>\n\n\n\n<li><a href=\"https:\/\/cemyri.es\/es\/2025\/10\/30\/nora-margarita-ron-ordonez\/\">Ron Ord\u00f3\u00f1ez, Nora Margarita<\/a><\/li>\n\n\n\n<li><a href=\"https:\/\/cemyri.es\/es\/colaboradores\/carmen-belen-ruiz-martinez\/\">Ruiz Mart\u00ednez, Carmen Bel\u00e9n<\/a><\/li>\n\n\n\n<li><a href=\"https:\/\/cemyri.es\/es\/2025\/10\/30\/valeriia-shchotkina\/\">Shchotkina, Valeria<\/a><\/li>\n\n\n\n<li><a href=\"https:\/\/cemyri.es\/es\/colaboradores\/kayamba-tshitshi-ndouba\/\">Tshitshi Ndouba, Kayamba<\/a><\/li>\n\n\n\n<li><a href=\"https:\/\/cemyri.es\/es\/colaboradores\/carmen-maria-sanchez-carrion\/\">S\u00e1nchez Carri\u00f3n, Carmen Mar\u00eda<\/a><\/li>\n\n\n\n<li><a href=\"https:\/\/cemyri.es\/es\/investigadores-2\/colaboradores\/adriana-suiu\/\">Suiu, Adriana<\/a><\/li>\n\n\n\n<li>V\u00e1zquez Flores, Erika<\/li>\n\n\n\n<li><a href=\"https:\/\/cemyri.es\/es\/2025\/10\/30\/candy-veas-faundez\/\">Veas Fa\u00fandez, Candy<\/a><\/li>\n<\/ul>\n\n\n\n<p><\/p>\n","protected":false},"excerpt":{"rendered":"","protected":false},"author":3,"featured_media":0,"parent":0,"menu_order":0,"comment_status":"closed","ping_status":"open","template":"","meta":{"footnotes":""},"class_list":["post-35","page","type-page","status-publish","hentry"],"_links":{"self":[{"href":"https:\/\/cemyri.es\/es\/wp-json\/wp\/v2\/pages\/35","targetHints":{"allow":["GET"]}}],"collection":[{"href":"https:\/\/cemyri.es\/es\/wp-json\/wp\/v2\/pages"}],"about":[{"href":"https:\/\/cemyri.es\/es\/wp-json\/wp\/v2\/types\/page"}],"author":[{"embeddable":true,"href":"https:\/\/cemyri.es\/es\/wp-json\/wp\/v2\/users\/3"}],"replies":[{"embeddable":true,"href":"https:\/\/cemyri.es\/es\/wp-json\/wp\/v2\/comments?post=35"}],"version-history":[{"count":119,"href":"https:\/\/cemyri.es\/es\/wp-json\/wp\/v2\/pages\/35\/revisions"}],"predecessor-version":[{"id":28268,"href":"https:\/\/cemyri.es\/es\/wp-json\/wp\/v2\/pages\/35\/revisions\/28268"}],"wp:attachment":[{"href":"https:\/\/cemyri.es\/es\/wp-json\/wp\/v2\/media?parent=35"}],"curies":[{"name":"wp","href":"https:\/\/api.w.org\/{rel}","templated":true}]}}