{"id":464,"date":"2013-07-25T11:14:09","date_gmt":"2013-07-25T09:14:09","guid":{"rendered":"http:\/\/www.cemyri.es\/?page_id=464"},"modified":"2023-10-26T08:41:06","modified_gmt":"2023-10-26T08:41:06","slug":"paralelo-36","status":"publish","type":"page","link":"https:\/\/cemyri.es\/es\/paralelo-36\/","title":{"rendered":"PARALELO 36"},"content":{"rendered":"\n<p>El Proyecto \u201cPARALELO 36 (CIME-AM)\u201d, est\u00e1 liderado por la <strong>Universidad de Almer\u00eda<\/strong>, a trav\u00e9s del <strong>Centro de Estudios de las Migraciones y las Relaciones Interculturales (CEMyRI)<\/strong>. El Proyecto <strong>Capacitaci\u00f3n y estrategias para el trabajo en intervenci\u00f3n social y preparaci\u00f3n para la mejora del empleo en las dos orillas (Andaluc\u00eda-Norte de Marruecos)<\/strong>, se enmarca dentro del Programa Operativo de Cooperaci\u00f3n Transfronteriza Espa\u00f1a \u2013 Fronteras exteriores (POCTEFEX) est\u00e1 financiado por el Fondo Europeo de Desarrollo Regional (FEDER), a trav\u00e9s del programa de Cooperaci\u00f3n Transfronteriza Espa\u00f1a-Fronteras Exteriores (POCTEFEX).<\/p>\n\n\n\n<p>Este proyecto es de tipo directo, pues pretende dar respuesta a necesidades espec\u00edficas, propias de temas prpioritarios en las zonas de aplicaci\u00f3n del programa. En este proyecto se ha se\u00f1alado como tema prioritario, de entre los definidos por la Comisi\u00f3n Europea, el 71 \u201cV\u00edas de integraci\u00f3n y reintegraci\u00f3n en el mundo laboral de las personas desfavorecidas\u201d.<\/p>\n\n\n\n<p>No obstante, tambi\u00e9n incide en los siguientes: el 9 \u201cOtras acciones para promover la investigaci\u00f3n, la innovaci\u00f3n y el esp\u00edritu emprendedor\u201d, el 13 \u201c Servicios y aplicaciones para el ciudadano (servicios electr\u00f3nicos en materia de salud administraci\u00f3n p\u00fablica, formaci\u00f3n, inclusi\u00f3n, etc.)\u201d, el 57 \u201cOtras ayudas para mejorar los servicios tur\u00edsticos\u201d, el 58 \u201cProtecci\u00f3n y conservaci\u00f3n del patrimonio cultural\u201d, el 60 \u201cOtras ayudas para mejorar los servicios culturales\u201d el y 86 \u201cEvaluaci\u00f3n y estudios; informaci\u00f3n y comunicaci\u00f3n\u201d.<\/p>\n\n\n\n<p>PARALELO 36 (CIME-AM) incide directamente sobre el \u00c1rea de Cooperaci\u00f3n del Estrecho.<\/p>\n\n\n\n<p>Y act\u00faa para el desarrollo del Objetivo Operativo 3: Puesta en valor del patrimonio, promoci\u00f3n del di\u00e1logo cultural y la cooperaci\u00f3n en la educaci\u00f3n de j\u00f3venes y la integraci\u00f3n de inmigrantes.<\/p>\n","protected":false},"excerpt":{"rendered":"<p>El Proyecto \u201cPARALELO 36 (CIME-AM)\u201d, est\u00e1 liderado por la Universidad de Almer\u00eda, a trav\u00e9s del Centro de Estudios de las Migraciones y las Relaciones Interculturales (CEMyRI). El Proyecto Capacitaci\u00f3n y estrategias para el trabajo en intervenci\u00f3n social y preparaci\u00f3n para la mejora del empleo en las dos orillas (Andaluc\u00eda-Norte de Marruecos), se enmarca dentro del&#8230;<\/p>\n","protected":false},"author":2,"featured_media":24749,"parent":0,"menu_order":0,"comment_status":"closed","ping_status":"open","template":"","meta":{"footnotes":""},"class_list":["post-464","page","type-page","status-publish","has-post-thumbnail","hentry"],"_links":{"self":[{"href":"https:\/\/cemyri.es\/es\/wp-json\/wp\/v2\/pages\/464","targetHints":{"allow":["GET"]}}],"collection":[{"href":"https:\/\/cemyri.es\/es\/wp-json\/wp\/v2\/pages"}],"about":[{"href":"https:\/\/cemyri.es\/es\/wp-json\/wp\/v2\/types\/page"}],"author":[{"embeddable":true,"href":"https:\/\/cemyri.es\/es\/wp-json\/wp\/v2\/users\/2"}],"replies":[{"embeddable":true,"href":"https:\/\/cemyri.es\/es\/wp-json\/wp\/v2\/comments?post=464"}],"version-history":[{"count":2,"href":"https:\/\/cemyri.es\/es\/wp-json\/wp\/v2\/pages\/464\/revisions"}],"predecessor-version":[{"id":27987,"href":"https:\/\/cemyri.es\/es\/wp-json\/wp\/v2\/pages\/464\/revisions\/27987"}],"wp:featuredmedia":[{"embeddable":true,"href":"https:\/\/cemyri.es\/es\/wp-json\/wp\/v2\/media\/24749"}],"wp:attachment":[{"href":"https:\/\/cemyri.es\/es\/wp-json\/wp\/v2\/media?parent=464"}],"curies":[{"name":"wp","href":"https:\/\/api.w.org\/{rel}","templated":true}]}}