{"id":687,"date":"2013-09-10T09:12:34","date_gmt":"2013-09-10T07:12:34","guid":{"rendered":"http:\/\/www.cemyri.es\/?page_id=687"},"modified":"2023-10-23T09:46:53","modified_gmt":"2023-10-23T09:46:53","slug":"objetivos","status":"publish","type":"page","link":"https:\/\/cemyri.es\/es\/objetivos\/","title":{"rendered":"Objetivos"},"content":{"rendered":"\n<figure class=\"wp-block-image size-medium is-resized\"><img loading=\"lazy\" decoding=\"async\" width=\"300\" height=\"300\" src=\"https:\/\/cemyri.es\/es\/wp-content\/uploads\/2023\/10\/LOGO-300x300.jpg\" alt=\"\" class=\"wp-image-27935\" style=\"aspect-ratio:1;width:190px;height:auto\" srcset=\"https:\/\/cemyri.es\/es\/wp-content\/uploads\/2023\/10\/LOGO-300x300.jpg 300w, https:\/\/cemyri.es\/es\/wp-content\/uploads\/2023\/10\/LOGO-150x150.jpg 150w, https:\/\/cemyri.es\/es\/wp-content\/uploads\/2023\/10\/LOGO.jpg 400w\" sizes=\"auto, (max-width: 300px) 100vw, 300px\" \/><\/figure>\n\n\n\n<ol class=\"wp-block-list\">\n<li><strong>I<\/strong>nvestigar y conocer los procesos migratorios y todas sus dimensiones, desde diferentes perspectivas, mediante estudios te\u00f3ricos y de campo.<\/li>\n\n\n\n<li><strong>F<\/strong>ormar y preparar nuevos t\u00e9cnicos, mediadores e investigadores -te\u00f3rica, metodol\u00f3gica y pr\u00e1cticamente- en el \u00e1mbito de las migraciones, conforme a criterios de calidad y excelencia.<\/li>\n\n\n\n<li><strong>F<\/strong>avorecer la movilidad y el intercambio de investigadores dentro de los programas de formaci\u00f3n y de investigaci\u00f3n.<\/li>\n\n\n\n<li><strong>P<\/strong>romover, asesorar y evaluar proyectos de intervenci\u00f3n social en el \u00e1mbito de las migraciones, en colaboraci\u00f3n con las distintas administraciones (locales, provinciales, auton\u00f3micas y estatales).<\/li>\n\n\n\n<li><strong>C<\/strong>omunicar y transferir los resultados de las investigaciones a las administraciones, organismos e instituciones p\u00fablicas y privadas con competencias en materia de movimientos migratorios, incluyendo el asesoramiento multidisciplinar a estas entidades, empresas que trabajan con extranjeros o tienen mano de obra inmigrada, as\u00ed como a sindicatos, ONGs u otras organizaciones.<\/li>\n\n\n\n<li><strong>D<\/strong>esarrollar una red de trabajo interdisciplinar con equipos punteros espa\u00f1oles y extranjeros que permita aglutinar y coordinar las numerosas investigaciones que se est\u00e1n desarrollando hasta la fecha, as\u00ed como promover investigaciones comparadas.<\/li>\n\n\n\n<li><strong>F<\/strong>ormaci\u00f3n en cursos de Ense\u00f1anzas Propias para la mediaci\u00f3n intercultural, la atenci\u00f3n sociosanitaria, formaci\u00f3n de formadores, etc. orientados tanto para poblaci\u00f3n aut\u00f3ctona como inmigrada.<\/li>\n\n\n\n<li><strong>R<\/strong>ealizar actividades de difusi\u00f3n, concienciaci\u00f3n y sensibilizaci\u00f3n (a trav\u00e9s de congresos, jornadas y encuentros) y formaci\u00f3n acad\u00e9mica (m\u00e1ster, cursos, seminarios\u2026).<\/li>\n<\/ol>\n","protected":false},"excerpt":{"rendered":"","protected":false},"author":1,"featured_media":0,"parent":0,"menu_order":0,"comment_status":"closed","ping_status":"open","template":"","meta":{"footnotes":""},"class_list":["post-687","page","type-page","status-publish","hentry"],"_links":{"self":[{"href":"https:\/\/cemyri.es\/es\/wp-json\/wp\/v2\/pages\/687","targetHints":{"allow":["GET"]}}],"collection":[{"href":"https:\/\/cemyri.es\/es\/wp-json\/wp\/v2\/pages"}],"about":[{"href":"https:\/\/cemyri.es\/es\/wp-json\/wp\/v2\/types\/page"}],"author":[{"embeddable":true,"href":"https:\/\/cemyri.es\/es\/wp-json\/wp\/v2\/users\/1"}],"replies":[{"embeddable":true,"href":"https:\/\/cemyri.es\/es\/wp-json\/wp\/v2\/comments?post=687"}],"version-history":[{"count":3,"href":"https:\/\/cemyri.es\/es\/wp-json\/wp\/v2\/pages\/687\/revisions"}],"predecessor-version":[{"id":27958,"href":"https:\/\/cemyri.es\/es\/wp-json\/wp\/v2\/pages\/687\/revisions\/27958"}],"wp:attachment":[{"href":"https:\/\/cemyri.es\/es\/wp-json\/wp\/v2\/media?parent=687"}],"curies":[{"name":"wp","href":"https:\/\/api.w.org\/{rel}","templated":true}]}}